{"id":6905,"date":"2023-03-08T17:00:45","date_gmt":"2023-03-08T16:00:45","guid":{"rendered":"https:\/\/p-ccmlv2.project.space\/reiseprogramme\/traversata-del-bianco-royal\/"},"modified":"2025-09-26T10:30:25","modified_gmt":"2025-09-26T08:30:25","slug":"traversata-del-bianco-royal","status":"publish","type":"product","link":"https:\/\/www.guidemonterosa.com\/it\/programmi-di-viaggio\/traversata-del-bianco-royal\/","title":{"rendered":"Traversata del Bianco &#8220;Royal&#8221;"},"content":{"rendered":"<p><strong>Ritrovo:<\/strong> Alle ore 08:00 a Courmayeur, o a seconda della scelta della Guida.<br \/><strong>Requisiti:<\/strong> La traversata dei Domes de Miage non presenta particolari difficolt\u00e0<br \/>tecniche; alcuni passaggi di II\u00b0 su roccia, alcune creste di neve ed una piccola corda doppia in discesa verso il Col de Miage. La traversata della Aiguille de Bionassay presenta difficolt\u00e0 maggiori con passaggi su roccia di III\u00b0 che sovente sono affrontati ancora al buio, e con le sottili creste nevose che scendono al Col de Bionassay, da affrontare con la massima attenzione e concentrazione<br \/><strong>Abbigliamento:<\/strong> Raccomandiamo abbigliamento adeguato alla quota, a strati, per far fronte alle varie temperature che si possono trovare.<br \/><strong>Calzature:<\/strong> Scarponi da alpinismo compatibili con ramponi.<br \/><strong>Pranzo:<\/strong> Si raccomanda di portare con se alimenti per pranzo al sacco, qualche snack o barrette per le piccole pause e bevande in base alle esigenze personali.<br \/><strong>Zaino:<\/strong> Uno zaino di 30\/40L \u00e8 pi\u00f9 che sufficiente; preparate lo zaino con l\u2019abbigliamento extra necessario in caso di maltempo e un cambio per il rifugio.<\/p>\n","protected":false},"excerpt":{"rendered":"<ul>\n<li><strong>Giorno 1:<\/strong> Appuntamento con la Guida Alpina alla partenza della funivia del Monte Bianco alle 08:00 del mattino. Dopo il controllo del materiale prenderemo la funivia che porta al Rifugio Torino. Alcuni passi e saremo sul ghiacciaio. La prima parte, fino alla \u201cgengiva\u201d \u00e8 abbastanza facile, da li possiamo lasciare l\u2019attrezzatura da ghiacciaio e iniziare la vera scalata. Il primo pezzo \u00e8 attrezzato con delle corde fisse mentre il secondo \u00e8 libero&#8221;. Dalla cima si comincia la sequenza dei rapper sulla parete sud per raggiungere la base della scalata. Dopo di che, la via del ritorno al Rif. Torino \u00e8 la medesima. Giornata per valutare capacita\u00b4e livello.<\/li>\n<li><strong>Giorno 2:<\/strong> Ritrovo con la guida alpina a Chamonix al parcheggio della Aiguille de Midi. Trasferimento in taxi a Les Contamines dove comincia il sentiero per il Refuge des Conscrits. Durante la salita passero dal antico Hotel di Trelatete dove ci potremo fermare a mangiare e bere qualcosa. In seguito, il sentiero diventa pi\u00f9 impegnativo con qualche tratto attrezzato con corde fisse ed un ponte tibetano.<\/li>\n<li><strong>Giorno 3:<\/strong> Partenza al mattino presto; giusto dietro la capanna cominceremo a seguire tracce di sentiero in direzione della Aiguille de la Berangere; solo nel tratto finale tireremo fuori la corda.Da questa prima cima cominceremo a seguire la traversata dei Domes de Miage con numerosi sali e scendi su panoramiche creste nevose. Dalla punta 3673m, la cresta prosegue pi\u00f9 rocciosa e dall&#8217; ultima cima quotata 3668m, cominceremo la discesa, che su terreno pi\u00f9 impegnativo, ci porter\u00e0 al Col de Miage su cui sorge il piccolo Refuge Durier.<\/li>\n<\/ul>\n","protected":false},"featured_media":6603,"comment_status":"closed","ping_status":"closed","template":"","meta":{"_acf_changed":false},"product_brand":[],"product_cat":[595],"product_tag":[],"class_list":{"0":"post-6905","1":"product","2":"type-product","3":"status-publish","4":"has-post-thumbnail","6":"product_cat-monte-bianco-it","7":"pa_anzahl-personen-1-it","8":"pa_programmart-alpinismo","9":"pa_reisetage-plurigiornata","11":"first","12":"instock","13":"shipping-taxable","14":"purchasable","15":"product-type-simple"},"acf":[],"yoast_head":"<!-- This site is optimized with the Yoast SEO plugin v27.2 - https:\/\/yoast.com\/product\/yoast-seo-wordpress\/ -->\n<title>Traversata del Bianco &quot;Royal&quot; - Guidemonterosa SRL<\/title>\n<meta name=\"robots\" content=\"index, follow, max-snippet:-1, max-image-preview:large, max-video-preview:-1\" \/>\n<link rel=\"canonical\" href=\"https:\/\/www.guidemonterosa.com\/it\/programmi-di-viaggio\/traversata-del-bianco-royal\/\" \/>\n<meta property=\"og:locale\" content=\"it_IT\" \/>\n<meta property=\"og:type\" content=\"article\" \/>\n<meta property=\"og:title\" content=\"Traversata del Bianco &quot;Royal&quot; - Guidemonterosa SRL\" \/>\n<meta property=\"og:description\" content=\"Giorno 1: Appuntamento con la Guida Alpina alla partenza della funivia del Monte Bianco alle 08:00 del mattino. Dopo il controllo del materiale prenderemo la funivia che porta al Rifugio Torino. Alcuni passi e saremo sul ghiacciaio. La prima parte, fino alla \u201cgengiva\u201d \u00e8 abbastanza facile, da li possiamo lasciare l\u2019attrezzatura da ghiacciaio e iniziare la vera scalata. Il primo pezzo \u00e8 attrezzato con delle corde fisse mentre il secondo \u00e8 libero&quot;. Dalla cima si comincia la sequenza dei rapper sulla parete sud per raggiungere la base della scalata. Dopo di che, la via del ritorno al Rif. Torino \u00e8 la medesima. Giornata per valutare capacita\u00b4e livello.Giorno 2: Ritrovo con la guida alpina a Chamonix al parcheggio della Aiguille de Midi. Trasferimento in taxi a Les Contamines dove comincia il sentiero per il Refuge des Conscrits. Durante la salita passero dal antico Hotel di Trelatete dove ci potremo fermare a mangiare e bere qualcosa. In seguito, il sentiero diventa pi\u00f9 impegnativo con qualche tratto attrezzato con corde fisse ed un ponte tibetano.Giorno 3: Partenza al mattino presto; giusto dietro la capanna cominceremo a seguire tracce di sentiero in direzione della Aiguille de la Berangere; solo nel tratto finale tireremo fuori la corda.Da questa prima cima cominceremo a seguire la traversata dei Domes de Miage con numerosi sali e scendi su panoramiche creste nevose. Dalla punta 3673m, la cresta prosegue pi\u00f9 rocciosa e dall&#039; ultima cima quotata 3668m, cominceremo la discesa, che su terreno pi\u00f9 impegnativo, ci porter\u00e0 al Col de Miage su cui sorge il piccolo Refuge Durier.\" \/>\n<meta property=\"og:url\" content=\"https:\/\/www.guidemonterosa.com\/it\/programmi-di-viaggio\/traversata-del-bianco-royal\/\" \/>\n<meta property=\"og:site_name\" content=\"Guidemonterosa SRL\" \/>\n<meta property=\"article:modified_time\" content=\"2025-09-26T08:30:25+00:00\" \/>\n<meta property=\"og:image\" content=\"https:\/\/www.guidemonterosa.com\/wp-content\/uploads\/2023\/03\/GM-Mont-Blanc-Koeniglich-Dest-Slider.jpg\" \/>\n\t<meta property=\"og:image:width\" content=\"930\" \/>\n\t<meta property=\"og:image:height\" content=\"660\" \/>\n\t<meta property=\"og:image:type\" content=\"image\/jpeg\" \/>\n<meta name=\"twitter:card\" content=\"summary_large_image\" \/>\n<meta name=\"twitter:label1\" content=\"Tempo di lettura stimato\" \/>\n\t<meta name=\"twitter:data1\" content=\"1 minuto\" \/>\n<script type=\"application\/ld+json\" class=\"yoast-schema-graph\">{\"@context\":\"https:\/\/schema.org\",\"@graph\":[{\"@type\":\"WebPage\",\"@id\":\"https:\/\/www.guidemonterosa.com\/it\/programmi-di-viaggio\/traversata-del-bianco-royal\/\",\"url\":\"https:\/\/www.guidemonterosa.com\/it\/programmi-di-viaggio\/traversata-del-bianco-royal\/\",\"name\":\"Traversata del Bianco \\\"Royal\\\" - Guidemonterosa SRL\",\"isPartOf\":{\"@id\":\"https:\/\/p-ccmlv2.project.space\/it\/#website\"},\"primaryImageOfPage\":{\"@id\":\"https:\/\/www.guidemonterosa.com\/it\/programmi-di-viaggio\/traversata-del-bianco-royal\/#primaryimage\"},\"image\":{\"@id\":\"https:\/\/www.guidemonterosa.com\/it\/programmi-di-viaggio\/traversata-del-bianco-royal\/#primaryimage\"},\"thumbnailUrl\":\"https:\/\/www.guidemonterosa.com\/wp-content\/uploads\/2023\/03\/GM-Mont-Blanc-Koeniglich-Dest-Slider.jpg\",\"datePublished\":\"2023-03-08T16:00:45+00:00\",\"dateModified\":\"2025-09-26T08:30:25+00:00\",\"breadcrumb\":{\"@id\":\"https:\/\/www.guidemonterosa.com\/it\/programmi-di-viaggio\/traversata-del-bianco-royal\/#breadcrumb\"},\"inLanguage\":\"it-IT\",\"potentialAction\":[{\"@type\":\"ReadAction\",\"target\":[\"https:\/\/www.guidemonterosa.com\/it\/programmi-di-viaggio\/traversata-del-bianco-royal\/\"]}]},{\"@type\":\"ImageObject\",\"inLanguage\":\"it-IT\",\"@id\":\"https:\/\/www.guidemonterosa.com\/it\/programmi-di-viaggio\/traversata-del-bianco-royal\/#primaryimage\",\"url\":\"https:\/\/www.guidemonterosa.com\/wp-content\/uploads\/2023\/03\/GM-Mont-Blanc-Koeniglich-Dest-Slider.jpg\",\"contentUrl\":\"https:\/\/www.guidemonterosa.com\/wp-content\/uploads\/2023\/03\/GM-Mont-Blanc-Koeniglich-Dest-Slider.jpg\",\"width\":930,\"height\":660},{\"@type\":\"BreadcrumbList\",\"@id\":\"https:\/\/www.guidemonterosa.com\/it\/programmi-di-viaggio\/traversata-del-bianco-royal\/#breadcrumb\",\"itemListElement\":[{\"@type\":\"ListItem\",\"position\":1,\"name\":\"Startseite\",\"item\":\"https:\/\/www.guidemonterosa.com\/it\/\"},{\"@type\":\"ListItem\",\"position\":2,\"name\":\"Programmi\",\"item\":\"https:\/\/www.guidemonterosa.com\/travel-programs\/\"},{\"@type\":\"ListItem\",\"position\":3,\"name\":\"Traversata del Bianco &#8220;Royal&#8221;\"}]},{\"@type\":\"WebSite\",\"@id\":\"https:\/\/p-ccmlv2.project.space\/it\/#website\",\"url\":\"https:\/\/p-ccmlv2.project.space\/it\/\",\"name\":\"Guidemonterosa SRL\",\"description\":\"Alpinismo, arrampicata in Valle d'Aosta\",\"publisher\":{\"@id\":\"https:\/\/p-ccmlv2.project.space\/it\/#organization\"},\"potentialAction\":[{\"@type\":\"SearchAction\",\"target\":{\"@type\":\"EntryPoint\",\"urlTemplate\":\"https:\/\/p-ccmlv2.project.space\/it\/?s={search_term_string}\"},\"query-input\":{\"@type\":\"PropertyValueSpecification\",\"valueRequired\":true,\"valueName\":\"search_term_string\"}}],\"inLanguage\":\"it-IT\"},{\"@type\":\"Organization\",\"@id\":\"https:\/\/p-ccmlv2.project.space\/it\/#organization\",\"name\":\"Heli Guides AG\",\"url\":\"https:\/\/p-ccmlv2.project.space\/it\/\",\"logo\":{\"@type\":\"ImageObject\",\"inLanguage\":\"it-IT\",\"@id\":\"https:\/\/p-ccmlv2.project.space\/it\/#\/schema\/logo\/image\/\",\"url\":\"https:\/\/www.guidemonterosa.com\/wp-content\/uploads\/2021\/09\/HG_logo-HG-2020_logo-WEB_1.png\",\"contentUrl\":\"https:\/\/www.guidemonterosa.com\/wp-content\/uploads\/2021\/09\/HG_logo-HG-2020_logo-WEB_1.png\",\"width\":822,\"height\":290,\"caption\":\"Heli Guides AG\"},\"image\":{\"@id\":\"https:\/\/p-ccmlv2.project.space\/it\/#\/schema\/logo\/image\/\"}}]}<\/script>\n<!-- \/ Yoast SEO plugin. -->","yoast_head_json":{"title":"Traversata del Bianco \"Royal\" - Guidemonterosa SRL","robots":{"index":"index","follow":"follow","max-snippet":"max-snippet:-1","max-image-preview":"max-image-preview:large","max-video-preview":"max-video-preview:-1"},"canonical":"https:\/\/www.guidemonterosa.com\/it\/programmi-di-viaggio\/traversata-del-bianco-royal\/","og_locale":"it_IT","og_type":"article","og_title":"Traversata del Bianco \"Royal\" - Guidemonterosa SRL","og_description":"Giorno 1: Appuntamento con la Guida Alpina alla partenza della funivia del Monte Bianco alle 08:00 del mattino. Dopo il controllo del materiale prenderemo la funivia che porta al Rifugio Torino. Alcuni passi e saremo sul ghiacciaio. La prima parte, fino alla \u201cgengiva\u201d \u00e8 abbastanza facile, da li possiamo lasciare l\u2019attrezzatura da ghiacciaio e iniziare la vera scalata. Il primo pezzo \u00e8 attrezzato con delle corde fisse mentre il secondo \u00e8 libero\". Dalla cima si comincia la sequenza dei rapper sulla parete sud per raggiungere la base della scalata. Dopo di che, la via del ritorno al Rif. Torino \u00e8 la medesima. Giornata per valutare capacita\u00b4e livello.Giorno 2: Ritrovo con la guida alpina a Chamonix al parcheggio della Aiguille de Midi. Trasferimento in taxi a Les Contamines dove comincia il sentiero per il Refuge des Conscrits. Durante la salita passero dal antico Hotel di Trelatete dove ci potremo fermare a mangiare e bere qualcosa. In seguito, il sentiero diventa pi\u00f9 impegnativo con qualche tratto attrezzato con corde fisse ed un ponte tibetano.Giorno 3: Partenza al mattino presto; giusto dietro la capanna cominceremo a seguire tracce di sentiero in direzione della Aiguille de la Berangere; solo nel tratto finale tireremo fuori la corda.Da questa prima cima cominceremo a seguire la traversata dei Domes de Miage con numerosi sali e scendi su panoramiche creste nevose. Dalla punta 3673m, la cresta prosegue pi\u00f9 rocciosa e dall' ultima cima quotata 3668m, cominceremo la discesa, che su terreno pi\u00f9 impegnativo, ci porter\u00e0 al Col de Miage su cui sorge il piccolo Refuge Durier.","og_url":"https:\/\/www.guidemonterosa.com\/it\/programmi-di-viaggio\/traversata-del-bianco-royal\/","og_site_name":"Guidemonterosa SRL","article_modified_time":"2025-09-26T08:30:25+00:00","og_image":[{"width":930,"height":660,"url":"https:\/\/www.guidemonterosa.com\/wp-content\/uploads\/2023\/03\/GM-Mont-Blanc-Koeniglich-Dest-Slider.jpg","type":"image\/jpeg"}],"twitter_card":"summary_large_image","twitter_misc":{"Tempo di lettura stimato":"1 minuto"},"schema":{"@context":"https:\/\/schema.org","@graph":[{"@type":"WebPage","@id":"https:\/\/www.guidemonterosa.com\/it\/programmi-di-viaggio\/traversata-del-bianco-royal\/","url":"https:\/\/www.guidemonterosa.com\/it\/programmi-di-viaggio\/traversata-del-bianco-royal\/","name":"Traversata del Bianco \"Royal\" - Guidemonterosa SRL","isPartOf":{"@id":"https:\/\/p-ccmlv2.project.space\/it\/#website"},"primaryImageOfPage":{"@id":"https:\/\/www.guidemonterosa.com\/it\/programmi-di-viaggio\/traversata-del-bianco-royal\/#primaryimage"},"image":{"@id":"https:\/\/www.guidemonterosa.com\/it\/programmi-di-viaggio\/traversata-del-bianco-royal\/#primaryimage"},"thumbnailUrl":"https:\/\/www.guidemonterosa.com\/wp-content\/uploads\/2023\/03\/GM-Mont-Blanc-Koeniglich-Dest-Slider.jpg","datePublished":"2023-03-08T16:00:45+00:00","dateModified":"2025-09-26T08:30:25+00:00","breadcrumb":{"@id":"https:\/\/www.guidemonterosa.com\/it\/programmi-di-viaggio\/traversata-del-bianco-royal\/#breadcrumb"},"inLanguage":"it-IT","potentialAction":[{"@type":"ReadAction","target":["https:\/\/www.guidemonterosa.com\/it\/programmi-di-viaggio\/traversata-del-bianco-royal\/"]}]},{"@type":"ImageObject","inLanguage":"it-IT","@id":"https:\/\/www.guidemonterosa.com\/it\/programmi-di-viaggio\/traversata-del-bianco-royal\/#primaryimage","url":"https:\/\/www.guidemonterosa.com\/wp-content\/uploads\/2023\/03\/GM-Mont-Blanc-Koeniglich-Dest-Slider.jpg","contentUrl":"https:\/\/www.guidemonterosa.com\/wp-content\/uploads\/2023\/03\/GM-Mont-Blanc-Koeniglich-Dest-Slider.jpg","width":930,"height":660},{"@type":"BreadcrumbList","@id":"https:\/\/www.guidemonterosa.com\/it\/programmi-di-viaggio\/traversata-del-bianco-royal\/#breadcrumb","itemListElement":[{"@type":"ListItem","position":1,"name":"Startseite","item":"https:\/\/www.guidemonterosa.com\/it\/"},{"@type":"ListItem","position":2,"name":"Programmi","item":"https:\/\/www.guidemonterosa.com\/travel-programs\/"},{"@type":"ListItem","position":3,"name":"Traversata del Bianco &#8220;Royal&#8221;"}]},{"@type":"WebSite","@id":"https:\/\/p-ccmlv2.project.space\/it\/#website","url":"https:\/\/p-ccmlv2.project.space\/it\/","name":"Guidemonterosa SRL","description":"Alpinismo, arrampicata in Valle d'Aosta","publisher":{"@id":"https:\/\/p-ccmlv2.project.space\/it\/#organization"},"potentialAction":[{"@type":"SearchAction","target":{"@type":"EntryPoint","urlTemplate":"https:\/\/p-ccmlv2.project.space\/it\/?s={search_term_string}"},"query-input":{"@type":"PropertyValueSpecification","valueRequired":true,"valueName":"search_term_string"}}],"inLanguage":"it-IT"},{"@type":"Organization","@id":"https:\/\/p-ccmlv2.project.space\/it\/#organization","name":"Heli Guides AG","url":"https:\/\/p-ccmlv2.project.space\/it\/","logo":{"@type":"ImageObject","inLanguage":"it-IT","@id":"https:\/\/p-ccmlv2.project.space\/it\/#\/schema\/logo\/image\/","url":"https:\/\/www.guidemonterosa.com\/wp-content\/uploads\/2021\/09\/HG_logo-HG-2020_logo-WEB_1.png","contentUrl":"https:\/\/www.guidemonterosa.com\/wp-content\/uploads\/2021\/09\/HG_logo-HG-2020_logo-WEB_1.png","width":822,"height":290,"caption":"Heli Guides AG"},"image":{"@id":"https:\/\/p-ccmlv2.project.space\/it\/#\/schema\/logo\/image\/"}}]}},"_links":{"self":[{"href":"https:\/\/www.guidemonterosa.com\/it\/wp-json\/wp\/v2\/product\/6905","targetHints":{"allow":["GET"]}}],"collection":[{"href":"https:\/\/www.guidemonterosa.com\/it\/wp-json\/wp\/v2\/product"}],"about":[{"href":"https:\/\/www.guidemonterosa.com\/it\/wp-json\/wp\/v2\/types\/product"}],"replies":[{"embeddable":true,"href":"https:\/\/www.guidemonterosa.com\/it\/wp-json\/wp\/v2\/comments?post=6905"}],"wp:featuredmedia":[{"embeddable":true,"href":"https:\/\/www.guidemonterosa.com\/it\/wp-json\/wp\/v2\/media\/6603"}],"wp:attachment":[{"href":"https:\/\/www.guidemonterosa.com\/it\/wp-json\/wp\/v2\/media?parent=6905"}],"wp:term":[{"taxonomy":"product_brand","embeddable":true,"href":"https:\/\/www.guidemonterosa.com\/it\/wp-json\/wp\/v2\/product_brand?post=6905"},{"taxonomy":"product_cat","embeddable":true,"href":"https:\/\/www.guidemonterosa.com\/it\/wp-json\/wp\/v2\/product_cat?post=6905"},{"taxonomy":"product_tag","embeddable":true,"href":"https:\/\/www.guidemonterosa.com\/it\/wp-json\/wp\/v2\/product_tag?post=6905"}],"curies":[{"name":"wp","href":"https:\/\/api.w.org\/{rel}","templated":true}]}}