{"id":6879,"date":"2023-03-06T19:46:04","date_gmt":"2023-03-06T18:46:04","guid":{"rendered":"https:\/\/p-ccmlv2.project.space\/reiseprogramme\/lyskamm-traversee\/"},"modified":"2025-09-26T11:31:04","modified_gmt":"2025-09-26T09:31:04","slug":"lyskamm-traversee","status":"publish","type":"product","link":"https:\/\/www.guidemonterosa.com\/fr\/programmes-de-voyage\/lyskamm-traversee\/","title":{"rendered":"Lyskamm Traversee"},"content":{"rendered":"<p><strong>Rendez-vous:<\/strong> Rendez-vous \u00e0 14h \u00e0 Staffal ou autre \u00e0 d\u00e9terminer avec le Guide de Haute Montagne ou avec le bureau.<br \/>\n<strong>Pr\u00e9requis:<\/strong> Exp\u00e9rience en randonn\u00e9e de montagne; terrains escarp\u00e9s, ar\u00eates enneig\u00e9es expos\u00e9es et passages d&rsquo;escalade<br \/>\nais\u00e9e<br \/>\n<strong>V\u00eatements:<\/strong> Nous conseillons des v\u00eatements de montagne fonctionnels qui transportent bien l\u2019humidit\u00e9 \/ principe des couches multiples pour que vous puissiez r\u00e9agir aux al\u00e9as m\u00e9t\u00e9orologiques<br \/>\n<strong>Chaussures:<\/strong> Chaussures de montagne \/ de trekking solides (pouvant \u00eatre \u00e9quip\u00e9es de crampons)<br \/>\n<strong>Provisions: <\/strong>Snacks et boissons pour l\u2019excursion.<br \/>\n<strong>Sac \u00e0 dos:<\/strong> Nous conseillons un sac \u00e0 dos disposant d\u2019un volume de max. 30-40L.<\/p>\n","protected":false},"excerpt":{"rendered":"<ul>\n<li><strong>1er Jour:<\/strong> Rendez-vous \u00e0 Staffal \u00e0 13h30\/14h \u2013 V\u00e9rification du mat\u00e9riel. Gr\u00e2ce aux remont\u00e9es nous rejoignons le col Bettaforca d\u2019o\u00f9 nous nous rendons au refuge Quintino Sella au F\u00e9lik au gr\u00e9 d\u2019une charmante ascension.<br \/>\nNous dormirons au refuge.<\/li>\n<li>3:30 heures &#8211; 850m<\/li>\n<li><strong> 2\u00e8me Jour:<\/strong> D\u00e9part vers 6h, selon la saison. Via le glacier du F\u00e9lik nous atteignons le col du F\u00e9lik (Felikjoch). Du passage nous rejoignons ensuite, en passant par la belle cr\u00eate, le sommet du Castor. Nous empruntons au retour le m\u00eame chemin jusqu\u2019au refuge et continuons jusqu\u2019au Bettaforca d\u2019o\u00f9 nous utilisons de nouveau les remont\u00e9es m\u00e9caniques pour rejoindre Gressoney.<\/li>\n<li>3:30 heures 650m;<\/li>\n<li><strong>Descent:<\/strong> 4-5 heures 1500m<\/li>\n<\/ul>\n","protected":false},"featured_media":7639,"comment_status":"closed","ping_status":"closed","template":"","meta":{"_acf_changed":false},"product_brand":[],"product_cat":[518],"product_tag":[],"class_list":{"0":"post-6879","1":"product","2":"type-product","3":"status-publish","4":"has-post-thumbnail","6":"product_cat-mont-rose","7":"pa_anzahl-personen-1-fr","8":"pa_programmart-alpinisme","9":"pa_reisetage-2-jours","11":"first","12":"instock","13":"shipping-taxable","14":"purchasable","15":"product-type-simple"},"acf":[],"yoast_head":"<!-- This site is optimized with the Yoast SEO plugin v27.2 - https:\/\/yoast.com\/product\/yoast-seo-wordpress\/ -->\n<title>Lyskamm Traversee - Guidemonterosa SRL<\/title>\n<meta name=\"robots\" content=\"index, follow, max-snippet:-1, max-image-preview:large, max-video-preview:-1\" \/>\n<link rel=\"canonical\" href=\"https:\/\/www.guidemonterosa.com\/fr\/programmes-de-voyage\/lyskamm-traversee\/\" \/>\n<meta property=\"og:locale\" content=\"fr_FR\" \/>\n<meta property=\"og:type\" content=\"article\" \/>\n<meta property=\"og:title\" content=\"Lyskamm Traversee - Guidemonterosa SRL\" \/>\n<meta property=\"og:description\" content=\"1er Jour: Rendez-vous \u00e0 Staffal \u00e0 13h30\/14h \u2013 V\u00e9rification du mat\u00e9riel. Gr\u00e2ce aux remont\u00e9es nous rejoignons le col Bettaforca d\u2019o\u00f9 nous nous rendons au refuge Quintino Sella au F\u00e9lik au gr\u00e9 d\u2019une charmante ascension. Nous dormirons au refuge.  3:30 heures - 850m   2\u00e8me Jour: D\u00e9part vers 6h, selon la saison. Via le glacier du F\u00e9lik nous atteignons le col du F\u00e9lik (Felikjoch). Du passage nous rejoignons ensuite, en passant par la belle cr\u00eate, le sommet du Castor. Nous empruntons au retour le m\u00eame chemin jusqu\u2019au refuge et continuons jusqu\u2019au Bettaforca d\u2019o\u00f9 nous utilisons de nouveau les remont\u00e9es m\u00e9caniques pour rejoindre Gressoney.  3:30 heures 650m;  Descent: 4-5 heures 1500m\" \/>\n<meta property=\"og:url\" content=\"https:\/\/www.guidemonterosa.com\/fr\/programmes-de-voyage\/lyskamm-traversee\/\" \/>\n<meta property=\"og:site_name\" content=\"Guidemonterosa SRL\" \/>\n<meta property=\"article:modified_time\" content=\"2025-09-26T09:31:04+00:00\" \/>\n<meta property=\"og:image\" content=\"https:\/\/www.guidemonterosa.com\/wp-content\/uploads\/2023\/03\/Lyskamm-traverse.jpg\" \/>\n\t<meta property=\"og:image:width\" content=\"930\" \/>\n\t<meta property=\"og:image:height\" content=\"660\" \/>\n\t<meta property=\"og:image:type\" content=\"image\/jpeg\" \/>\n<meta name=\"twitter:card\" content=\"summary_large_image\" \/>\n<meta name=\"twitter:label1\" content=\"Dur\u00e9e de lecture estim\u00e9e\" \/>\n\t<meta name=\"twitter:data1\" content=\"1 minute\" \/>\n<script type=\"application\/ld+json\" class=\"yoast-schema-graph\">{\"@context\":\"https:\/\/schema.org\",\"@graph\":[{\"@type\":\"WebPage\",\"@id\":\"https:\/\/www.guidemonterosa.com\/fr\/programmes-de-voyage\/lyskamm-traversee\/\",\"url\":\"https:\/\/www.guidemonterosa.com\/fr\/programmes-de-voyage\/lyskamm-traversee\/\",\"name\":\"Lyskamm Traversee - Guidemonterosa SRL\",\"isPartOf\":{\"@id\":\"https:\/\/p-ccmlv2.project.space\/it\/#website\"},\"primaryImageOfPage\":{\"@id\":\"https:\/\/www.guidemonterosa.com\/fr\/programmes-de-voyage\/lyskamm-traversee\/#primaryimage\"},\"image\":{\"@id\":\"https:\/\/www.guidemonterosa.com\/fr\/programmes-de-voyage\/lyskamm-traversee\/#primaryimage\"},\"thumbnailUrl\":\"https:\/\/www.guidemonterosa.com\/wp-content\/uploads\/2023\/03\/Lyskamm-traverse.jpg\",\"datePublished\":\"2023-03-06T18:46:04+00:00\",\"dateModified\":\"2025-09-26T09:31:04+00:00\",\"breadcrumb\":{\"@id\":\"https:\/\/www.guidemonterosa.com\/fr\/programmes-de-voyage\/lyskamm-traversee\/#breadcrumb\"},\"inLanguage\":\"fr-FR\",\"potentialAction\":[{\"@type\":\"ReadAction\",\"target\":[\"https:\/\/www.guidemonterosa.com\/fr\/programmes-de-voyage\/lyskamm-traversee\/\"]}]},{\"@type\":\"ImageObject\",\"inLanguage\":\"fr-FR\",\"@id\":\"https:\/\/www.guidemonterosa.com\/fr\/programmes-de-voyage\/lyskamm-traversee\/#primaryimage\",\"url\":\"https:\/\/www.guidemonterosa.com\/wp-content\/uploads\/2023\/03\/Lyskamm-traverse.jpg\",\"contentUrl\":\"https:\/\/www.guidemonterosa.com\/wp-content\/uploads\/2023\/03\/Lyskamm-traverse.jpg\",\"width\":930,\"height\":660},{\"@type\":\"BreadcrumbList\",\"@id\":\"https:\/\/www.guidemonterosa.com\/fr\/programmes-de-voyage\/lyskamm-traversee\/#breadcrumb\",\"itemListElement\":[{\"@type\":\"ListItem\",\"position\":1,\"name\":\"Startseite\",\"item\":\"https:\/\/www.guidemonterosa.com\/fr\/\"},{\"@type\":\"ListItem\",\"position\":2,\"name\":\"Programmes de voyage\",\"item\":\"https:\/\/www.guidemonterosa.com\/fr\/programmes-de-voyage\/\"},{\"@type\":\"ListItem\",\"position\":3,\"name\":\"Lyskamm Traversee\"}]},{\"@type\":\"WebSite\",\"@id\":\"https:\/\/p-ccmlv2.project.space\/it\/#website\",\"url\":\"https:\/\/p-ccmlv2.project.space\/it\/\",\"name\":\"Guidemonterosa SRL\",\"description\":\"Excursions en haute montagne, escalade dans la vall\u00e9e d'Aoste\",\"publisher\":{\"@id\":\"https:\/\/p-ccmlv2.project.space\/it\/#organization\"},\"potentialAction\":[{\"@type\":\"SearchAction\",\"target\":{\"@type\":\"EntryPoint\",\"urlTemplate\":\"https:\/\/p-ccmlv2.project.space\/it\/?s={search_term_string}\"},\"query-input\":{\"@type\":\"PropertyValueSpecification\",\"valueRequired\":true,\"valueName\":\"search_term_string\"}}],\"inLanguage\":\"fr-FR\"},{\"@type\":\"Organization\",\"@id\":\"https:\/\/p-ccmlv2.project.space\/it\/#organization\",\"name\":\"Heli Guides AG\",\"url\":\"https:\/\/p-ccmlv2.project.space\/it\/\",\"logo\":{\"@type\":\"ImageObject\",\"inLanguage\":\"fr-FR\",\"@id\":\"https:\/\/p-ccmlv2.project.space\/it\/#\/schema\/logo\/image\/\",\"url\":\"https:\/\/www.guidemonterosa.com\/wp-content\/uploads\/2021\/09\/HG_logo-HG-2020_logo-WEB_1.png\",\"contentUrl\":\"https:\/\/www.guidemonterosa.com\/wp-content\/uploads\/2021\/09\/HG_logo-HG-2020_logo-WEB_1.png\",\"width\":822,\"height\":290,\"caption\":\"Heli Guides AG\"},\"image\":{\"@id\":\"https:\/\/p-ccmlv2.project.space\/it\/#\/schema\/logo\/image\/\"}}]}<\/script>\n<!-- \/ Yoast SEO plugin. -->","yoast_head_json":{"title":"Lyskamm Traversee - Guidemonterosa SRL","robots":{"index":"index","follow":"follow","max-snippet":"max-snippet:-1","max-image-preview":"max-image-preview:large","max-video-preview":"max-video-preview:-1"},"canonical":"https:\/\/www.guidemonterosa.com\/fr\/programmes-de-voyage\/lyskamm-traversee\/","og_locale":"fr_FR","og_type":"article","og_title":"Lyskamm Traversee - Guidemonterosa SRL","og_description":"1er Jour: Rendez-vous \u00e0 Staffal \u00e0 13h30\/14h \u2013 V\u00e9rification du mat\u00e9riel. Gr\u00e2ce aux remont\u00e9es nous rejoignons le col Bettaforca d\u2019o\u00f9 nous nous rendons au refuge Quintino Sella au F\u00e9lik au gr\u00e9 d\u2019une charmante ascension. Nous dormirons au refuge.  3:30 heures - 850m   2\u00e8me Jour: D\u00e9part vers 6h, selon la saison. Via le glacier du F\u00e9lik nous atteignons le col du F\u00e9lik (Felikjoch). Du passage nous rejoignons ensuite, en passant par la belle cr\u00eate, le sommet du Castor. Nous empruntons au retour le m\u00eame chemin jusqu\u2019au refuge et continuons jusqu\u2019au Bettaforca d\u2019o\u00f9 nous utilisons de nouveau les remont\u00e9es m\u00e9caniques pour rejoindre Gressoney.  3:30 heures 650m;  Descent: 4-5 heures 1500m","og_url":"https:\/\/www.guidemonterosa.com\/fr\/programmes-de-voyage\/lyskamm-traversee\/","og_site_name":"Guidemonterosa SRL","article_modified_time":"2025-09-26T09:31:04+00:00","og_image":[{"width":930,"height":660,"url":"https:\/\/www.guidemonterosa.com\/wp-content\/uploads\/2023\/03\/Lyskamm-traverse.jpg","type":"image\/jpeg"}],"twitter_card":"summary_large_image","twitter_misc":{"Dur\u00e9e de lecture estim\u00e9e":"1 minute"},"schema":{"@context":"https:\/\/schema.org","@graph":[{"@type":"WebPage","@id":"https:\/\/www.guidemonterosa.com\/fr\/programmes-de-voyage\/lyskamm-traversee\/","url":"https:\/\/www.guidemonterosa.com\/fr\/programmes-de-voyage\/lyskamm-traversee\/","name":"Lyskamm Traversee - Guidemonterosa SRL","isPartOf":{"@id":"https:\/\/p-ccmlv2.project.space\/it\/#website"},"primaryImageOfPage":{"@id":"https:\/\/www.guidemonterosa.com\/fr\/programmes-de-voyage\/lyskamm-traversee\/#primaryimage"},"image":{"@id":"https:\/\/www.guidemonterosa.com\/fr\/programmes-de-voyage\/lyskamm-traversee\/#primaryimage"},"thumbnailUrl":"https:\/\/www.guidemonterosa.com\/wp-content\/uploads\/2023\/03\/Lyskamm-traverse.jpg","datePublished":"2023-03-06T18:46:04+00:00","dateModified":"2025-09-26T09:31:04+00:00","breadcrumb":{"@id":"https:\/\/www.guidemonterosa.com\/fr\/programmes-de-voyage\/lyskamm-traversee\/#breadcrumb"},"inLanguage":"fr-FR","potentialAction":[{"@type":"ReadAction","target":["https:\/\/www.guidemonterosa.com\/fr\/programmes-de-voyage\/lyskamm-traversee\/"]}]},{"@type":"ImageObject","inLanguage":"fr-FR","@id":"https:\/\/www.guidemonterosa.com\/fr\/programmes-de-voyage\/lyskamm-traversee\/#primaryimage","url":"https:\/\/www.guidemonterosa.com\/wp-content\/uploads\/2023\/03\/Lyskamm-traverse.jpg","contentUrl":"https:\/\/www.guidemonterosa.com\/wp-content\/uploads\/2023\/03\/Lyskamm-traverse.jpg","width":930,"height":660},{"@type":"BreadcrumbList","@id":"https:\/\/www.guidemonterosa.com\/fr\/programmes-de-voyage\/lyskamm-traversee\/#breadcrumb","itemListElement":[{"@type":"ListItem","position":1,"name":"Startseite","item":"https:\/\/www.guidemonterosa.com\/fr\/"},{"@type":"ListItem","position":2,"name":"Programmes de voyage","item":"https:\/\/www.guidemonterosa.com\/fr\/programmes-de-voyage\/"},{"@type":"ListItem","position":3,"name":"Lyskamm Traversee"}]},{"@type":"WebSite","@id":"https:\/\/p-ccmlv2.project.space\/it\/#website","url":"https:\/\/p-ccmlv2.project.space\/it\/","name":"Guidemonterosa SRL","description":"Excursions en haute montagne, escalade dans la vall\u00e9e d'Aoste","publisher":{"@id":"https:\/\/p-ccmlv2.project.space\/it\/#organization"},"potentialAction":[{"@type":"SearchAction","target":{"@type":"EntryPoint","urlTemplate":"https:\/\/p-ccmlv2.project.space\/it\/?s={search_term_string}"},"query-input":{"@type":"PropertyValueSpecification","valueRequired":true,"valueName":"search_term_string"}}],"inLanguage":"fr-FR"},{"@type":"Organization","@id":"https:\/\/p-ccmlv2.project.space\/it\/#organization","name":"Heli Guides AG","url":"https:\/\/p-ccmlv2.project.space\/it\/","logo":{"@type":"ImageObject","inLanguage":"fr-FR","@id":"https:\/\/p-ccmlv2.project.space\/it\/#\/schema\/logo\/image\/","url":"https:\/\/www.guidemonterosa.com\/wp-content\/uploads\/2021\/09\/HG_logo-HG-2020_logo-WEB_1.png","contentUrl":"https:\/\/www.guidemonterosa.com\/wp-content\/uploads\/2021\/09\/HG_logo-HG-2020_logo-WEB_1.png","width":822,"height":290,"caption":"Heli Guides AG"},"image":{"@id":"https:\/\/p-ccmlv2.project.space\/it\/#\/schema\/logo\/image\/"}}]}},"_links":{"self":[{"href":"https:\/\/www.guidemonterosa.com\/fr\/wp-json\/wp\/v2\/product\/6879","targetHints":{"allow":["GET"]}}],"collection":[{"href":"https:\/\/www.guidemonterosa.com\/fr\/wp-json\/wp\/v2\/product"}],"about":[{"href":"https:\/\/www.guidemonterosa.com\/fr\/wp-json\/wp\/v2\/types\/product"}],"replies":[{"embeddable":true,"href":"https:\/\/www.guidemonterosa.com\/fr\/wp-json\/wp\/v2\/comments?post=6879"}],"wp:featuredmedia":[{"embeddable":true,"href":"https:\/\/www.guidemonterosa.com\/fr\/wp-json\/wp\/v2\/media\/7639"}],"wp:attachment":[{"href":"https:\/\/www.guidemonterosa.com\/fr\/wp-json\/wp\/v2\/media?parent=6879"}],"wp:term":[{"taxonomy":"product_brand","embeddable":true,"href":"https:\/\/www.guidemonterosa.com\/fr\/wp-json\/wp\/v2\/product_brand?post=6879"},{"taxonomy":"product_cat","embeddable":true,"href":"https:\/\/www.guidemonterosa.com\/fr\/wp-json\/wp\/v2\/product_cat?post=6879"},{"taxonomy":"product_tag","embeddable":true,"href":"https:\/\/www.guidemonterosa.com\/fr\/wp-json\/wp\/v2\/product_tag?post=6879"}],"curies":[{"name":"wp","href":"https:\/\/api.w.org\/{rel}","templated":true}]}}