{"id":6877,"date":"2023-03-06T19:48:19","date_gmt":"2023-03-06T18:48:19","guid":{"rendered":"https:\/\/p-ccmlv2.project.space\/reiseprogramme\/capanna-margherita-chemin-classique\/"},"modified":"2025-09-26T11:21:19","modified_gmt":"2025-09-26T09:21:19","slug":"capanna-margherita-chemin-classique","status":"publish","type":"product","link":"https:\/\/www.guidemonterosa.com\/fr\/programmes-de-voyage\/capanna-margherita-chemin-classique\/","title":{"rendered":"Capanna Margherita Chemin Classique"},"content":{"rendered":"<p><strong>Rendez-vous:<\/strong> Rendez-vous \u00e0 14h \u00e0 Staffal ou autre \u00e0 d\u00e9terminer avec le Guide de Haute Montagne ou avec le bureau.<br \/>\n<strong>Pr\u00e9requis:<\/strong> Exp\u00e9rience en randonn\u00e9e de montagne et sur terrains expos\u00e9s requise.<br \/>\nDes connaissances techniques en alpinisme (utilisation de crampons) ne sont pas obligatoires mais avantageuses. Condition physique pour des ascensions durant jusqu\u2019\u00e0 5 heures, \u00e0 suivre la descente.<br \/>\n<strong>V\u00eatements:<\/strong> Nous conseillons des v\u00eatements de montagne fonctionnels qui<br \/>\ntransportent bien l\u2019humidit\u00e9 \/ principe des couches multiples pour que vous puissiez r\u00e9agir aux al\u00e9as m\u00e9t\u00e9orologiques<br \/>\n<strong>Chaussures:<\/strong> Chaussures de montagne \/ de trekking solides (pouvant \u00eatre \u00e9quip\u00e9es de crampons)<br \/>\n<strong>Provisions:<\/strong> Snacks et boissons pour l\u2019excursion.<br \/>\n<strong>Sac \u00e0 dos:<\/strong> Nous conseillons un sac \u00e0 dos disposant d\u2019un volume de max. 30-40L.<\/p>\n","protected":false},"excerpt":{"rendered":"<ul>\n<li><strong>1er Jour:<\/strong> Rendez-vous \u00e0 14h \u00e0 Staffal ou autre \u00e0 d\u00e9terminer avec le bureau \u2013 V\u00e9rification du mat\u00e9riel; trajet en t\u00e9l\u00e9cabine sur la Pointe Indren. Ensuite nous poursuivons \u00e0 pied vers la cabane Giovanni Gnifetti.<\/li>\n<li><strong>Augmenter: <\/strong>1:30 heures \u2013 370m<\/li>\n<li><strong>2\u00e8me Jour:<\/strong> Vers 4h30 \u2013 5h nous d\u00e9marrons l\u2019ascension. Nous atteignerons d\u2019abord le col du Lys (4255 m). Apr\u00e8s<br \/>\nune courte pause, nous poursuivrons en direction du col Gnifetti. Nous atteignerons la Pointe Gnifetti et la cabane Reine Marguerite par le cot\u00e9 nord. La descente nous conduit via le col du Lys \u00e0 la Pointe Indren d\u2019o\u00f9 nous rentrerons \u00e0 Gressoney en train.<\/li>\n<li><strong>Augmenter:<\/strong> 4-5 heures 950m<\/li>\n<li><strong>Descent:<\/strong> 3:00-3:30 heures 1300m<\/li>\n<\/ul>\n","protected":false},"featured_media":6522,"comment_status":"closed","ping_status":"closed","template":"","meta":{"_acf_changed":false},"product_brand":[],"product_cat":[518],"product_tag":[],"class_list":{"0":"post-6877","1":"product","2":"type-product","3":"status-publish","4":"has-post-thumbnail","6":"product_cat-mont-rose","7":"pa_anzahl-personen-5-fr","8":"pa_programmart-alpinisme","9":"pa_reisetage-2-jours","11":"first","12":"instock","13":"shipping-taxable","14":"purchasable","15":"product-type-simple"},"acf":[],"yoast_head":"<!-- This site is optimized with the Yoast SEO plugin v27.2 - https:\/\/yoast.com\/product\/yoast-seo-wordpress\/ -->\n<title>Capanna Margherita Chemin Classique - Guidemonterosa SRL<\/title>\n<meta name=\"robots\" content=\"index, follow, max-snippet:-1, max-image-preview:large, max-video-preview:-1\" \/>\n<link rel=\"canonical\" href=\"https:\/\/www.guidemonterosa.com\/fr\/programmes-de-voyage\/capanna-margherita-chemin-classique\/\" \/>\n<meta property=\"og:locale\" content=\"fr_FR\" \/>\n<meta property=\"og:type\" content=\"article\" \/>\n<meta property=\"og:title\" content=\"Capanna Margherita Chemin Classique - Guidemonterosa SRL\" \/>\n<meta property=\"og:description\" content=\"1er Jour: Rendez-vous \u00e0 14h \u00e0 Staffal ou autre \u00e0 d\u00e9terminer avec le bureau \u2013 V\u00e9rification du mat\u00e9riel; trajet en t\u00e9l\u00e9cabine sur la Pointe Indren. Ensuite nous poursuivons \u00e0 pied vers la cabane Giovanni Gnifetti.  Augmenter: 1:30 heures \u2013 370m  2\u00e8me Jour: Vers 4h30 \u2013 5h nous d\u00e9marrons l\u2019ascension. Nous atteignerons d\u2019abord le col du Lys (4255 m). Apr\u00e8s une courte pause, nous poursuivrons en direction du col Gnifetti. Nous atteignerons la Pointe Gnifetti et la cabane Reine Marguerite par le cot\u00e9 nord. La descente nous conduit via le col du Lys \u00e0 la Pointe Indren d\u2019o\u00f9 nous rentrerons \u00e0 Gressoney en train.  Augmenter: 4-5 heures 950m  Descent: 3:00-3:30 heures 1300m\" \/>\n<meta property=\"og:url\" content=\"https:\/\/www.guidemonterosa.com\/fr\/programmes-de-voyage\/capanna-margherita-chemin-classique\/\" \/>\n<meta property=\"og:site_name\" content=\"Guidemonterosa SRL\" \/>\n<meta property=\"article:modified_time\" content=\"2025-09-26T09:21:19+00:00\" \/>\n<meta property=\"og:image\" content=\"https:\/\/www.guidemonterosa.com\/wp-content\/uploads\/2023\/03\/GM-Margherita-Dest-Slider.jpg\" \/>\n\t<meta property=\"og:image:width\" content=\"930\" \/>\n\t<meta property=\"og:image:height\" content=\"660\" \/>\n\t<meta property=\"og:image:type\" content=\"image\/jpeg\" \/>\n<meta name=\"twitter:card\" content=\"summary_large_image\" \/>\n<meta name=\"twitter:label1\" content=\"Dur\u00e9e de lecture estim\u00e9e\" \/>\n\t<meta name=\"twitter:data1\" content=\"1 minute\" \/>\n<script type=\"application\/ld+json\" class=\"yoast-schema-graph\">{\"@context\":\"https:\/\/schema.org\",\"@graph\":[{\"@type\":\"WebPage\",\"@id\":\"https:\/\/www.guidemonterosa.com\/fr\/programmes-de-voyage\/capanna-margherita-chemin-classique\/\",\"url\":\"https:\/\/www.guidemonterosa.com\/fr\/programmes-de-voyage\/capanna-margherita-chemin-classique\/\",\"name\":\"Capanna Margherita Chemin Classique - Guidemonterosa SRL\",\"isPartOf\":{\"@id\":\"https:\/\/p-ccmlv2.project.space\/it\/#website\"},\"primaryImageOfPage\":{\"@id\":\"https:\/\/www.guidemonterosa.com\/fr\/programmes-de-voyage\/capanna-margherita-chemin-classique\/#primaryimage\"},\"image\":{\"@id\":\"https:\/\/www.guidemonterosa.com\/fr\/programmes-de-voyage\/capanna-margherita-chemin-classique\/#primaryimage\"},\"thumbnailUrl\":\"https:\/\/www.guidemonterosa.com\/wp-content\/uploads\/2023\/03\/GM-Margherita-Dest-Slider.jpg\",\"datePublished\":\"2023-03-06T18:48:19+00:00\",\"dateModified\":\"2025-09-26T09:21:19+00:00\",\"breadcrumb\":{\"@id\":\"https:\/\/www.guidemonterosa.com\/fr\/programmes-de-voyage\/capanna-margherita-chemin-classique\/#breadcrumb\"},\"inLanguage\":\"fr-FR\",\"potentialAction\":[{\"@type\":\"ReadAction\",\"target\":[\"https:\/\/www.guidemonterosa.com\/fr\/programmes-de-voyage\/capanna-margherita-chemin-classique\/\"]}]},{\"@type\":\"ImageObject\",\"inLanguage\":\"fr-FR\",\"@id\":\"https:\/\/www.guidemonterosa.com\/fr\/programmes-de-voyage\/capanna-margherita-chemin-classique\/#primaryimage\",\"url\":\"https:\/\/www.guidemonterosa.com\/wp-content\/uploads\/2023\/03\/GM-Margherita-Dest-Slider.jpg\",\"contentUrl\":\"https:\/\/www.guidemonterosa.com\/wp-content\/uploads\/2023\/03\/GM-Margherita-Dest-Slider.jpg\",\"width\":930,\"height\":660},{\"@type\":\"BreadcrumbList\",\"@id\":\"https:\/\/www.guidemonterosa.com\/fr\/programmes-de-voyage\/capanna-margherita-chemin-classique\/#breadcrumb\",\"itemListElement\":[{\"@type\":\"ListItem\",\"position\":1,\"name\":\"Startseite\",\"item\":\"https:\/\/www.guidemonterosa.com\/fr\/\"},{\"@type\":\"ListItem\",\"position\":2,\"name\":\"Programmes de voyage\",\"item\":\"https:\/\/www.guidemonterosa.com\/fr\/programmes-de-voyage\/\"},{\"@type\":\"ListItem\",\"position\":3,\"name\":\"Capanna Margherita Chemin Classique\"}]},{\"@type\":\"WebSite\",\"@id\":\"https:\/\/p-ccmlv2.project.space\/it\/#website\",\"url\":\"https:\/\/p-ccmlv2.project.space\/it\/\",\"name\":\"Guidemonterosa SRL\",\"description\":\"Excursions en haute montagne, escalade dans la vall\u00e9e d'Aoste\",\"publisher\":{\"@id\":\"https:\/\/p-ccmlv2.project.space\/it\/#organization\"},\"potentialAction\":[{\"@type\":\"SearchAction\",\"target\":{\"@type\":\"EntryPoint\",\"urlTemplate\":\"https:\/\/p-ccmlv2.project.space\/it\/?s={search_term_string}\"},\"query-input\":{\"@type\":\"PropertyValueSpecification\",\"valueRequired\":true,\"valueName\":\"search_term_string\"}}],\"inLanguage\":\"fr-FR\"},{\"@type\":\"Organization\",\"@id\":\"https:\/\/p-ccmlv2.project.space\/it\/#organization\",\"name\":\"Heli Guides AG\",\"url\":\"https:\/\/p-ccmlv2.project.space\/it\/\",\"logo\":{\"@type\":\"ImageObject\",\"inLanguage\":\"fr-FR\",\"@id\":\"https:\/\/p-ccmlv2.project.space\/it\/#\/schema\/logo\/image\/\",\"url\":\"https:\/\/www.guidemonterosa.com\/wp-content\/uploads\/2021\/09\/HG_logo-HG-2020_logo-WEB_1.png\",\"contentUrl\":\"https:\/\/www.guidemonterosa.com\/wp-content\/uploads\/2021\/09\/HG_logo-HG-2020_logo-WEB_1.png\",\"width\":822,\"height\":290,\"caption\":\"Heli Guides AG\"},\"image\":{\"@id\":\"https:\/\/p-ccmlv2.project.space\/it\/#\/schema\/logo\/image\/\"}}]}<\/script>\n<!-- \/ Yoast SEO plugin. -->","yoast_head_json":{"title":"Capanna Margherita Chemin Classique - Guidemonterosa SRL","robots":{"index":"index","follow":"follow","max-snippet":"max-snippet:-1","max-image-preview":"max-image-preview:large","max-video-preview":"max-video-preview:-1"},"canonical":"https:\/\/www.guidemonterosa.com\/fr\/programmes-de-voyage\/capanna-margherita-chemin-classique\/","og_locale":"fr_FR","og_type":"article","og_title":"Capanna Margherita Chemin Classique - Guidemonterosa SRL","og_description":"1er Jour: Rendez-vous \u00e0 14h \u00e0 Staffal ou autre \u00e0 d\u00e9terminer avec le bureau \u2013 V\u00e9rification du mat\u00e9riel; trajet en t\u00e9l\u00e9cabine sur la Pointe Indren. Ensuite nous poursuivons \u00e0 pied vers la cabane Giovanni Gnifetti.  Augmenter: 1:30 heures \u2013 370m  2\u00e8me Jour: Vers 4h30 \u2013 5h nous d\u00e9marrons l\u2019ascension. Nous atteignerons d\u2019abord le col du Lys (4255 m). Apr\u00e8s une courte pause, nous poursuivrons en direction du col Gnifetti. Nous atteignerons la Pointe Gnifetti et la cabane Reine Marguerite par le cot\u00e9 nord. La descente nous conduit via le col du Lys \u00e0 la Pointe Indren d\u2019o\u00f9 nous rentrerons \u00e0 Gressoney en train.  Augmenter: 4-5 heures 950m  Descent: 3:00-3:30 heures 1300m","og_url":"https:\/\/www.guidemonterosa.com\/fr\/programmes-de-voyage\/capanna-margherita-chemin-classique\/","og_site_name":"Guidemonterosa SRL","article_modified_time":"2025-09-26T09:21:19+00:00","og_image":[{"width":930,"height":660,"url":"https:\/\/www.guidemonterosa.com\/wp-content\/uploads\/2023\/03\/GM-Margherita-Dest-Slider.jpg","type":"image\/jpeg"}],"twitter_card":"summary_large_image","twitter_misc":{"Dur\u00e9e de lecture estim\u00e9e":"1 minute"},"schema":{"@context":"https:\/\/schema.org","@graph":[{"@type":"WebPage","@id":"https:\/\/www.guidemonterosa.com\/fr\/programmes-de-voyage\/capanna-margherita-chemin-classique\/","url":"https:\/\/www.guidemonterosa.com\/fr\/programmes-de-voyage\/capanna-margherita-chemin-classique\/","name":"Capanna Margherita Chemin Classique - Guidemonterosa SRL","isPartOf":{"@id":"https:\/\/p-ccmlv2.project.space\/it\/#website"},"primaryImageOfPage":{"@id":"https:\/\/www.guidemonterosa.com\/fr\/programmes-de-voyage\/capanna-margherita-chemin-classique\/#primaryimage"},"image":{"@id":"https:\/\/www.guidemonterosa.com\/fr\/programmes-de-voyage\/capanna-margherita-chemin-classique\/#primaryimage"},"thumbnailUrl":"https:\/\/www.guidemonterosa.com\/wp-content\/uploads\/2023\/03\/GM-Margherita-Dest-Slider.jpg","datePublished":"2023-03-06T18:48:19+00:00","dateModified":"2025-09-26T09:21:19+00:00","breadcrumb":{"@id":"https:\/\/www.guidemonterosa.com\/fr\/programmes-de-voyage\/capanna-margherita-chemin-classique\/#breadcrumb"},"inLanguage":"fr-FR","potentialAction":[{"@type":"ReadAction","target":["https:\/\/www.guidemonterosa.com\/fr\/programmes-de-voyage\/capanna-margherita-chemin-classique\/"]}]},{"@type":"ImageObject","inLanguage":"fr-FR","@id":"https:\/\/www.guidemonterosa.com\/fr\/programmes-de-voyage\/capanna-margherita-chemin-classique\/#primaryimage","url":"https:\/\/www.guidemonterosa.com\/wp-content\/uploads\/2023\/03\/GM-Margherita-Dest-Slider.jpg","contentUrl":"https:\/\/www.guidemonterosa.com\/wp-content\/uploads\/2023\/03\/GM-Margherita-Dest-Slider.jpg","width":930,"height":660},{"@type":"BreadcrumbList","@id":"https:\/\/www.guidemonterosa.com\/fr\/programmes-de-voyage\/capanna-margherita-chemin-classique\/#breadcrumb","itemListElement":[{"@type":"ListItem","position":1,"name":"Startseite","item":"https:\/\/www.guidemonterosa.com\/fr\/"},{"@type":"ListItem","position":2,"name":"Programmes de voyage","item":"https:\/\/www.guidemonterosa.com\/fr\/programmes-de-voyage\/"},{"@type":"ListItem","position":3,"name":"Capanna Margherita Chemin Classique"}]},{"@type":"WebSite","@id":"https:\/\/p-ccmlv2.project.space\/it\/#website","url":"https:\/\/p-ccmlv2.project.space\/it\/","name":"Guidemonterosa SRL","description":"Excursions en haute montagne, escalade dans la vall\u00e9e d'Aoste","publisher":{"@id":"https:\/\/p-ccmlv2.project.space\/it\/#organization"},"potentialAction":[{"@type":"SearchAction","target":{"@type":"EntryPoint","urlTemplate":"https:\/\/p-ccmlv2.project.space\/it\/?s={search_term_string}"},"query-input":{"@type":"PropertyValueSpecification","valueRequired":true,"valueName":"search_term_string"}}],"inLanguage":"fr-FR"},{"@type":"Organization","@id":"https:\/\/p-ccmlv2.project.space\/it\/#organization","name":"Heli Guides AG","url":"https:\/\/p-ccmlv2.project.space\/it\/","logo":{"@type":"ImageObject","inLanguage":"fr-FR","@id":"https:\/\/p-ccmlv2.project.space\/it\/#\/schema\/logo\/image\/","url":"https:\/\/www.guidemonterosa.com\/wp-content\/uploads\/2021\/09\/HG_logo-HG-2020_logo-WEB_1.png","contentUrl":"https:\/\/www.guidemonterosa.com\/wp-content\/uploads\/2021\/09\/HG_logo-HG-2020_logo-WEB_1.png","width":822,"height":290,"caption":"Heli Guides AG"},"image":{"@id":"https:\/\/p-ccmlv2.project.space\/it\/#\/schema\/logo\/image\/"}}]}},"_links":{"self":[{"href":"https:\/\/www.guidemonterosa.com\/fr\/wp-json\/wp\/v2\/product\/6877","targetHints":{"allow":["GET"]}}],"collection":[{"href":"https:\/\/www.guidemonterosa.com\/fr\/wp-json\/wp\/v2\/product"}],"about":[{"href":"https:\/\/www.guidemonterosa.com\/fr\/wp-json\/wp\/v2\/types\/product"}],"replies":[{"embeddable":true,"href":"https:\/\/www.guidemonterosa.com\/fr\/wp-json\/wp\/v2\/comments?post=6877"}],"wp:featuredmedia":[{"embeddable":true,"href":"https:\/\/www.guidemonterosa.com\/fr\/wp-json\/wp\/v2\/media\/6522"}],"wp:attachment":[{"href":"https:\/\/www.guidemonterosa.com\/fr\/wp-json\/wp\/v2\/media?parent=6877"}],"wp:term":[{"taxonomy":"product_brand","embeddable":true,"href":"https:\/\/www.guidemonterosa.com\/fr\/wp-json\/wp\/v2\/product_brand?post=6877"},{"taxonomy":"product_cat","embeddable":true,"href":"https:\/\/www.guidemonterosa.com\/fr\/wp-json\/wp\/v2\/product_cat?post=6877"},{"taxonomy":"product_tag","embeddable":true,"href":"https:\/\/www.guidemonterosa.com\/fr\/wp-json\/wp\/v2\/product_tag?post=6877"}],"curies":[{"name":"wp","href":"https:\/\/api.w.org\/{rel}","templated":true}]}}