{"id":3806,"date":"2021-09-07T15:19:39","date_gmt":"2021-09-07T13:19:39","guid":{"rendered":"http:\/\/wordpress.p595924.webspaceconfig.de\/informations-de-voyage\/"},"modified":"2023-04-17T16:51:54","modified_gmt":"2023-04-17T14:51:54","slug":"informations-de-voyage","status":"publish","type":"page","link":"https:\/\/www.guidemonterosa.com\/fr\/informations-de-voyage\/","title":{"rendered":"Informations de voyage"},"content":{"rendered":"\t\t<div data-elementor-type=\"wp-page\" data-elementor-id=\"3806\" class=\"elementor elementor-3806 elementor-2216\" data-elementor-post-type=\"page\">\n\t\t\t\t\t\t<section class=\"elementor-section elementor-top-section elementor-element elementor-element-06bc346 elementor-section-full_width elementor-section-height-default elementor-section-height-default\" data-id=\"06bc346\" data-element_type=\"section\" data-e-type=\"section\">\n\t\t\t\t\t\t<div class=\"elementor-container elementor-column-gap-default\">\n\t\t\t\t\t<div class=\"elementor-column elementor-col-100 elementor-top-column elementor-element elementor-element-a73719a\" data-id=\"a73719a\" data-element_type=\"column\" data-e-type=\"column\">\n\t\t\t<div class=\"elementor-widget-wrap elementor-element-populated\">\n\t\t\t\t\t\t<div class=\"elementor-element elementor-element-04b44d4 elementor-widget elementor-widget-hero\" data-id=\"04b44d4\" data-element_type=\"widget\" data-e-type=\"widget\" data-widget_type=\"hero.default\">\n\t\t\t\t<div class=\"elementor-widget-container\">\n\t\t\t\t\t\n    <div class=\"hero-widget is--full-height\" data-hero=\"true\">\n        <div class=\"hero-widget__inside\">\n            <div class=\"container text-white\">\n                <div class=\"h1 hero-h1\" data-sal=\"slide-up\" data-sal-duration=\"500\" data-sal-delay=\"800\" data-sal-easing=\"ease-in-out\">\n                    Information                <\/div>\n                                <div class=\"p\" data-sal=\"slide-up\" data-sal-duration=\"500\" data-sal-delay=\"900\" data-sal-easing=\"ease-in-out\">\n                    Tout sur les voyages et les reservations                <\/div>\n                                            <\/div>\n        <\/div>\n                <div class=\"hero-widget__image-wrapper\">\n            <div data-bg=\"https:\/\/www.guidemonterosa.com\/wp-content\/uploads\/2023\/03\/Anforderungen_Title.jpg\" class=\"lazy hero-widget__image d-none d-md-block\"><\/div>\n            <div data-bg=\"https:\/\/www.guidemonterosa.com\/wp-content\/uploads\/2023\/03\/Anforderungen_Title_mob.jpg\" class=\"lazy hero-widget__image d-block d-md-none\"><\/div>\n        <\/div>\n            <\/div>\n\n\t\t\t\t\t<\/div>\n\t\t\t\t<\/div>\n\t\t\t\t\t<\/div>\n\t\t<\/div>\n\t\t\t\t\t<\/div>\n\t\t<\/section>\n\t\t\t\t<section class=\"elementor-section elementor-top-section elementor-element elementor-element-e827395 elementor-section-full_width elementor-section-height-default elementor-section-height-default\" data-id=\"e827395\" data-element_type=\"section\" data-e-type=\"section\">\n\t\t\t\t\t\t<div class=\"elementor-container elementor-column-gap-default\">\n\t\t\t\t\t<div class=\"elementor-column elementor-col-100 elementor-top-column elementor-element elementor-element-83f03ba\" data-id=\"83f03ba\" data-element_type=\"column\" data-e-type=\"column\">\n\t\t\t<div class=\"elementor-widget-wrap elementor-element-populated\">\n\t\t\t\t\t\t<div class=\"elementor-element elementor-element-db2255d elementor-invisible elementor-widget elementor-widget-heading\" data-id=\"db2255d\" data-element_type=\"widget\" data-e-type=\"widget\" data-settings=\"{&quot;_animation&quot;:&quot;fadeIn&quot;}\" data-widget_type=\"heading.default\">\n\t\t\t\t<div class=\"elementor-widget-container\">\n\t\t\t\t\t<h1 class=\"elementor-heading-title elementor-size-default\">COMMENT R\u00c9SERVER SON VOYAGE<\/h1>\t\t\t\t<\/div>\n\t\t\t\t<\/div>\n\t\t\t\t<div class=\"elementor-element elementor-element-b534fdb elementor-invisible elementor-widget elementor-widget-timeline\" data-id=\"b534fdb\" data-element_type=\"widget\" data-e-type=\"widget\" data-settings=\"{&quot;_animation&quot;:&quot;fadeIn&quot;}\" data-widget_type=\"timeline.default\">\n\t\t\t\t<div class=\"elementor-widget-container\">\n\t\t\t\t\t\n    <div class=\"timeline-widget\">\n        <div class=\"container\">\n            <div class=\"timeline-widget__wrapper\">\n                <div class=\"timeline-widget__item\" data-sal=\"fade\" data-sal-delay=\"0\" data-sal-duration=\"500\">\n                    <div class=\"timeline-widget__left\">\n                        <div class=\"timeline-widget__image-wrapper\">\n                            <img decoding=\"async\" src=\"https:\/\/www.guidemonterosa.com\/wp-content\/themes\/guide-monterosa\/public\/images\/informationen-timeline-kalender.svg?id=48037227b82b35dbe9535ce3a63b858c\" class=\"timeline-widget__image\" alt=\"Kalender\">\n                        <\/div>\n                    <\/div>\n                    <div class=\"timeline-widget__right\">\n                        <div class=\"timeline-widget__dot\"><\/div>\n                        <div class=\"timeline-widget__heading\">Demande de r\u00e9servation<\/div>\n                        <div class=\"timeline-widget__text\">S\u00e9lectionnez votre programme et votre date. Pour les demandes de r\u00e9servation individuelles, vous pouvez nous envoyer vos demandes de r\u00e9servation par e-mail ou pour en discuter et nous les soumettre personnellement par t\u00e9l\u00e9phone.<\/div>\n                    <\/div>\n                <\/div>\n                <div class=\"timeline-widget__item\" data-sal=\"fade\" data-sal-delay=\"300\" data-sal-duration=\"500\">\n                    <div class=\"timeline-widget__left\">\n                        <div class=\"timeline-widget__image-wrapper\">\n                            <img decoding=\"async\" src=\"https:\/\/www.guidemonterosa.com\/wp-content\/themes\/guide-monterosa\/public\/images\/informationen-timeline-feedback.svg?id=34157951ef14dd437eed0f1164601ed8\" class=\"timeline-widget__image\" alt=\"Retour d'information\">\n                        <\/div>\n                    <\/div>\n                    <div class=\"timeline-widget__right\">\n                        <div class=\"timeline-widget__dot\"><\/div>\n                        <div class=\"timeline-widget__heading\">Retour d'information<\/div>\n                        <div class=\"timeline-widget__text\">Notre bureau est ouvert tous les jours pendant la saison du 15 novembre au 15 mai. En moyenne saison (p\u00e9riode restante) du lundi au vendredi \u00e0 l'exception des jours f\u00e9ri\u00e9s - de 8h00 \u00e0 18h00.\nSelon la demande individuelle, il faudra 1 \u00e0 2 jours pour traiter votre demande. Cependant, nous essaierons de vous faire une offre d\u00e9taill\u00e9e dans les plus brefs d\u00e9lais.\n<\/div>\n                    <\/div>\n                <\/div>\n                <div class=\"timeline-widget__item\" data-sal=\"fade\" data-sal-delay=\"600\" data-sal-duration=\"500\">\n                    <div class=\"timeline-widget__left\">\n                        <div class=\"timeline-widget__image-wrapper\">\n                            <img decoding=\"async\" src=\"https:\/\/www.guidemonterosa.com\/wp-content\/themes\/guide-monterosa\/public\/images\/informationen-timeline-bestaetigung.svg?id=f6877866bb024fabfb534f71ed683be8\" class=\"timeline-widget__image\" alt=\"\nConfirmation de r\u00e9servation\">\n                        <\/div>\n                    <\/div>\n                    <div class=\"timeline-widget__right\">\n                        <div class=\"timeline-widget__dot\"><\/div>\n                        <div class=\"timeline-widget__heading\">\nConfirmation de r\u00e9servation<\/div>\n                        <div class=\"timeline-widget__text\">Si vous aimez notre offre et que vous souhaitez la r\u00e9server, nous proc\u00e9derons comme suit : Vous recevrez de notre part un formulaire de r\u00e9servation ou un formulaire d'inscription que vous remplirez et nous retournerez. Avec la r\u00e9ception de votre formulaire, vous recevrez une confirmation de r\u00e9servation et toutes les informations n\u00e9cessaires de notre part. A la r\u00e9ception de l'acompte obligatoire, le voyage est d\u00e9finitivement r\u00e9serv\u00e9 pour vous.<\/div>\n                    <\/div>\n                <\/div>\n                <div class=\"timeline-widget__item\" data-sal=\"fade\" data-sal-delay=\"900\" data-sal-duration=\"500\">\n                    <div class=\"timeline-widget__left\">\n                        <div class=\"timeline-widget__image-wrapper\">\n                            <img decoding=\"async\" src=\"https:\/\/www.guidemonterosa.com\/wp-content\/themes\/guide-monterosa\/public\/images\/informationen-timeline-versicherung.svg?id=cfabe0eba5558a3d960b72f67c2627d5\" class=\"timeline-widget__image\" alt=\"Assurance voyage\">\n                        <\/div>\n                    <\/div>\n                    <div class=\"timeline-widget__right\">\n                        <div class=\"timeline-widget__dot\"><\/div>\n                        <div class=\"timeline-widget__heading\">Assurance voyage<\/div>\n                        <div class=\"timeline-widget__text\">Nous vous recommandons de souscrire une assurance annulation, interruption de voyage et bagages. Une assurance annulation de voyage est incluse avec certaines cartes de cr\u00e9dit. Vous pouvez payer le voyage par carte de cr\u00e9dit afin d'\u00eatre assur\u00e9 imm\u00e9diatement.<\/div>\n                    <\/div>\n                <\/div>\n            <\/div>\n        <\/div>\n    <\/div>\n\n\t\t\t\t\t<\/div>\n\t\t\t\t<\/div>\n\t\t\t\t\t<\/div>\n\t\t<\/div>\n\t\t\t\t\t<\/div>\n\t\t<\/section>\n\t\t\t\t<section class=\"elementor-section elementor-top-section elementor-element elementor-element-ebb1010 elementor-section-boxed elementor-section-height-default elementor-section-height-default\" data-id=\"ebb1010\" data-element_type=\"section\" data-e-type=\"section\">\n\t\t\t\t\t\t<div class=\"elementor-container elementor-column-gap-default\">\n\t\t\t\t\t<div class=\"elementor-column elementor-col-100 elementor-top-column elementor-element elementor-element-63a292a\" data-id=\"63a292a\" data-element_type=\"column\" data-e-type=\"column\">\n\t\t\t<div class=\"elementor-widget-wrap elementor-element-populated\">\n\t\t\t\t\t\t<div class=\"elementor-element elementor-element-d329eab elementor-invisible elementor-widget elementor-widget-heading\" data-id=\"d329eab\" data-element_type=\"widget\" data-e-type=\"widget\" data-settings=\"{&quot;_animation&quot;:&quot;fadeIn&quot;,&quot;_animation_delay&quot;:100}\" data-widget_type=\"heading.default\">\n\t\t\t\t<div class=\"elementor-widget-container\">\n\t\t\t\t\t<h2 class=\"elementor-heading-title elementor-size-default\">Assurance voyage<\/h2>\t\t\t\t<\/div>\n\t\t\t\t<\/div>\n\t\t\t\t<div class=\"elementor-element elementor-element-8503266 elementor-invisible elementor-widget elementor-widget-text-editor\" data-id=\"8503266\" data-element_type=\"widget\" data-e-type=\"widget\" data-settings=\"{&quot;_animation&quot;:&quot;fadeIn&quot;,&quot;_animation_delay&quot;:150}\" data-widget_type=\"text-editor.default\">\n\t\t\t\t<div class=\"elementor-widget-container\">\n\t\t\t\t\t\t\t\t\t<p>Nous conseillons la souscription d&rsquo;une assurance annulation voyage sp\u00e9ciale, d&rsquo;une<br \/>assurance maladie avec rapatriement, d&rsquo;une assurance accidents ainsi que d&rsquo;une<br \/>assurance bagages.<\/p>\t\t\t\t\t\t\t\t<\/div>\n\t\t\t\t<\/div>\n\t\t\t\t\t<\/div>\n\t\t<\/div>\n\t\t\t\t\t<\/div>\n\t\t<\/section>\n\t\t\t\t<\/div>\n\t\t","protected":false},"excerpt":{"rendered":"<p>Information Tout sur les voyages et les reservations COMMENT R\u00c9SERVER SON VOYAGE Booking request Select your program and date. For <\/p>\n","protected":false},"author":1,"featured_media":0,"parent":0,"menu_order":0,"comment_status":"closed","ping_status":"closed","template":"","meta":{"_acf_changed":false,"footnotes":""},"class_list":["post-3806","page","type-page","status-publish","hentry"],"acf":[],"yoast_head":"<!-- This site is optimized with the Yoast SEO plugin v27.2 - https:\/\/yoast.com\/product\/yoast-seo-wordpress\/ -->\n<title>Heliski Travel Informations sur la r\u00e9servation et l&#039;assurance \/ Heli Guides AG<\/title>\n<meta name=\"description\" content=\"Informations importantes sur le processus de r\u00e9servation, l&#039;assurance voyage et l&#039;annulation de voyage pour Heliski Reisen.\" \/>\n<meta name=\"robots\" content=\"index, follow, max-snippet:-1, max-image-preview:large, max-video-preview:-1\" \/>\n<link rel=\"canonical\" href=\"https:\/\/www.guidemonterosa.com\/fr\/informations-de-voyage\/\" \/>\n<meta property=\"og:locale\" content=\"fr_FR\" \/>\n<meta property=\"og:type\" content=\"article\" \/>\n<meta property=\"og:title\" content=\"Heliski Travel Informations sur la r\u00e9servation et l&#039;assurance \/ Heli Guides AG\" \/>\n<meta property=\"og:description\" content=\"Informations importantes sur le processus de r\u00e9servation, l&#039;assurance voyage et l&#039;annulation de voyage pour Heliski Reisen.\" \/>\n<meta property=\"og:url\" content=\"https:\/\/www.guidemonterosa.com\/fr\/informations-de-voyage\/\" \/>\n<meta property=\"og:site_name\" content=\"Guidemonterosa SRL\" \/>\n<meta property=\"article:modified_time\" content=\"2023-04-17T14:51:54+00:00\" \/>\n<meta property=\"og:image\" content=\"https:\/\/p-ccmlv2.project.space\/wp-content\/themes\/guide-monterosa\/public\/images\/informationen-timeline-kalender.svg?id=48037227b82b35dbe953\" \/>\n<meta name=\"twitter:card\" content=\"summary_large_image\" \/>\n<meta name=\"twitter:label1\" content=\"Dur\u00e9e de lecture estim\u00e9e\" \/>\n\t<meta name=\"twitter:data1\" content=\"1 minute\" \/>\n<script type=\"application\/ld+json\" class=\"yoast-schema-graph\">{\"@context\":\"https:\/\/schema.org\",\"@graph\":[{\"@type\":\"WebPage\",\"@id\":\"https:\/\/www.guidemonterosa.com\/fr\/informations-de-voyage\/\",\"url\":\"https:\/\/www.guidemonterosa.com\/fr\/informations-de-voyage\/\",\"name\":\"Heliski Travel Informations sur la r\u00e9servation et l'assurance \/ Heli Guides AG\",\"isPartOf\":{\"@id\":\"https:\/\/p-ccmlv2.project.space\/it\/#website\"},\"primaryImageOfPage\":{\"@id\":\"https:\/\/www.guidemonterosa.com\/fr\/informations-de-voyage\/#primaryimage\"},\"image\":{\"@id\":\"https:\/\/www.guidemonterosa.com\/fr\/informations-de-voyage\/#primaryimage\"},\"thumbnailUrl\":\"https:\/\/p-ccmlv2.project.space\/wp-content\/themes\/guide-monterosa\/public\/images\/informationen-timeline-kalender.svg?id=48037227b82b35dbe953\",\"datePublished\":\"2021-09-07T13:19:39+00:00\",\"dateModified\":\"2023-04-17T14:51:54+00:00\",\"description\":\"Informations importantes sur le processus de r\u00e9servation, l'assurance voyage et l'annulation de voyage pour Heliski Reisen.\",\"breadcrumb\":{\"@id\":\"https:\/\/www.guidemonterosa.com\/fr\/informations-de-voyage\/#breadcrumb\"},\"inLanguage\":\"fr-FR\",\"potentialAction\":[{\"@type\":\"ReadAction\",\"target\":[\"https:\/\/www.guidemonterosa.com\/fr\/informations-de-voyage\/\"]}]},{\"@type\":\"ImageObject\",\"inLanguage\":\"fr-FR\",\"@id\":\"https:\/\/www.guidemonterosa.com\/fr\/informations-de-voyage\/#primaryimage\",\"url\":\"https:\/\/p-ccmlv2.project.space\/wp-content\/themes\/guide-monterosa\/public\/images\/informationen-timeline-kalender.svg?id=48037227b82b35dbe953\",\"contentUrl\":\"https:\/\/p-ccmlv2.project.space\/wp-content\/themes\/guide-monterosa\/public\/images\/informationen-timeline-kalender.svg?id=48037227b82b35dbe953\"},{\"@type\":\"BreadcrumbList\",\"@id\":\"https:\/\/www.guidemonterosa.com\/fr\/informations-de-voyage\/#breadcrumb\",\"itemListElement\":[{\"@type\":\"ListItem\",\"position\":1,\"name\":\"Startseite\",\"item\":\"https:\/\/www.guidemonterosa.com\/fr\/\"},{\"@type\":\"ListItem\",\"position\":2,\"name\":\"Informations de voyage\"}]},{\"@type\":\"WebSite\",\"@id\":\"https:\/\/p-ccmlv2.project.space\/it\/#website\",\"url\":\"https:\/\/p-ccmlv2.project.space\/it\/\",\"name\":\"Guidemonterosa SRL\",\"description\":\"Excursions en haute montagne, escalade dans la vall\u00e9e d'Aoste\",\"publisher\":{\"@id\":\"https:\/\/p-ccmlv2.project.space\/it\/#organization\"},\"potentialAction\":[{\"@type\":\"SearchAction\",\"target\":{\"@type\":\"EntryPoint\",\"urlTemplate\":\"https:\/\/p-ccmlv2.project.space\/it\/?s={search_term_string}\"},\"query-input\":{\"@type\":\"PropertyValueSpecification\",\"valueRequired\":true,\"valueName\":\"search_term_string\"}}],\"inLanguage\":\"fr-FR\"},{\"@type\":\"Organization\",\"@id\":\"https:\/\/p-ccmlv2.project.space\/it\/#organization\",\"name\":\"Heli Guides AG\",\"url\":\"https:\/\/p-ccmlv2.project.space\/it\/\",\"logo\":{\"@type\":\"ImageObject\",\"inLanguage\":\"fr-FR\",\"@id\":\"https:\/\/p-ccmlv2.project.space\/it\/#\/schema\/logo\/image\/\",\"url\":\"https:\/\/www.guidemonterosa.com\/wp-content\/uploads\/2021\/09\/HG_logo-HG-2020_logo-WEB_1.png\",\"contentUrl\":\"https:\/\/www.guidemonterosa.com\/wp-content\/uploads\/2021\/09\/HG_logo-HG-2020_logo-WEB_1.png\",\"width\":822,\"height\":290,\"caption\":\"Heli Guides AG\"},\"image\":{\"@id\":\"https:\/\/p-ccmlv2.project.space\/it\/#\/schema\/logo\/image\/\"}}]}<\/script>\n<!-- \/ Yoast SEO plugin. -->","yoast_head_json":{"title":"Heliski Travel Informations sur la r\u00e9servation et l'assurance \/ Heli Guides AG","description":"Informations importantes sur le processus de r\u00e9servation, l'assurance voyage et l'annulation de voyage pour Heliski Reisen.","robots":{"index":"index","follow":"follow","max-snippet":"max-snippet:-1","max-image-preview":"max-image-preview:large","max-video-preview":"max-video-preview:-1"},"canonical":"https:\/\/www.guidemonterosa.com\/fr\/informations-de-voyage\/","og_locale":"fr_FR","og_type":"article","og_title":"Heliski Travel Informations sur la r\u00e9servation et l'assurance \/ Heli Guides AG","og_description":"Informations importantes sur le processus de r\u00e9servation, l'assurance voyage et l'annulation de voyage pour Heliski Reisen.","og_url":"https:\/\/www.guidemonterosa.com\/fr\/informations-de-voyage\/","og_site_name":"Guidemonterosa SRL","article_modified_time":"2023-04-17T14:51:54+00:00","og_image":[{"url":"https:\/\/p-ccmlv2.project.space\/wp-content\/themes\/guide-monterosa\/public\/images\/informationen-timeline-kalender.svg?id=48037227b82b35dbe953","type":"","width":"","height":""}],"twitter_card":"summary_large_image","twitter_misc":{"Dur\u00e9e de lecture estim\u00e9e":"1 minute"},"schema":{"@context":"https:\/\/schema.org","@graph":[{"@type":"WebPage","@id":"https:\/\/www.guidemonterosa.com\/fr\/informations-de-voyage\/","url":"https:\/\/www.guidemonterosa.com\/fr\/informations-de-voyage\/","name":"Heliski Travel Informations sur la r\u00e9servation et l'assurance \/ Heli Guides AG","isPartOf":{"@id":"https:\/\/p-ccmlv2.project.space\/it\/#website"},"primaryImageOfPage":{"@id":"https:\/\/www.guidemonterosa.com\/fr\/informations-de-voyage\/#primaryimage"},"image":{"@id":"https:\/\/www.guidemonterosa.com\/fr\/informations-de-voyage\/#primaryimage"},"thumbnailUrl":"https:\/\/p-ccmlv2.project.space\/wp-content\/themes\/guide-monterosa\/public\/images\/informationen-timeline-kalender.svg?id=48037227b82b35dbe953","datePublished":"2021-09-07T13:19:39+00:00","dateModified":"2023-04-17T14:51:54+00:00","description":"Informations importantes sur le processus de r\u00e9servation, l'assurance voyage et l'annulation de voyage pour Heliski Reisen.","breadcrumb":{"@id":"https:\/\/www.guidemonterosa.com\/fr\/informations-de-voyage\/#breadcrumb"},"inLanguage":"fr-FR","potentialAction":[{"@type":"ReadAction","target":["https:\/\/www.guidemonterosa.com\/fr\/informations-de-voyage\/"]}]},{"@type":"ImageObject","inLanguage":"fr-FR","@id":"https:\/\/www.guidemonterosa.com\/fr\/informations-de-voyage\/#primaryimage","url":"https:\/\/p-ccmlv2.project.space\/wp-content\/themes\/guide-monterosa\/public\/images\/informationen-timeline-kalender.svg?id=48037227b82b35dbe953","contentUrl":"https:\/\/p-ccmlv2.project.space\/wp-content\/themes\/guide-monterosa\/public\/images\/informationen-timeline-kalender.svg?id=48037227b82b35dbe953"},{"@type":"BreadcrumbList","@id":"https:\/\/www.guidemonterosa.com\/fr\/informations-de-voyage\/#breadcrumb","itemListElement":[{"@type":"ListItem","position":1,"name":"Startseite","item":"https:\/\/www.guidemonterosa.com\/fr\/"},{"@type":"ListItem","position":2,"name":"Informations de voyage"}]},{"@type":"WebSite","@id":"https:\/\/p-ccmlv2.project.space\/it\/#website","url":"https:\/\/p-ccmlv2.project.space\/it\/","name":"Guidemonterosa SRL","description":"Excursions en haute montagne, escalade dans la vall\u00e9e d'Aoste","publisher":{"@id":"https:\/\/p-ccmlv2.project.space\/it\/#organization"},"potentialAction":[{"@type":"SearchAction","target":{"@type":"EntryPoint","urlTemplate":"https:\/\/p-ccmlv2.project.space\/it\/?s={search_term_string}"},"query-input":{"@type":"PropertyValueSpecification","valueRequired":true,"valueName":"search_term_string"}}],"inLanguage":"fr-FR"},{"@type":"Organization","@id":"https:\/\/p-ccmlv2.project.space\/it\/#organization","name":"Heli Guides AG","url":"https:\/\/p-ccmlv2.project.space\/it\/","logo":{"@type":"ImageObject","inLanguage":"fr-FR","@id":"https:\/\/p-ccmlv2.project.space\/it\/#\/schema\/logo\/image\/","url":"https:\/\/www.guidemonterosa.com\/wp-content\/uploads\/2021\/09\/HG_logo-HG-2020_logo-WEB_1.png","contentUrl":"https:\/\/www.guidemonterosa.com\/wp-content\/uploads\/2021\/09\/HG_logo-HG-2020_logo-WEB_1.png","width":822,"height":290,"caption":"Heli Guides AG"},"image":{"@id":"https:\/\/p-ccmlv2.project.space\/it\/#\/schema\/logo\/image\/"}}]}},"_links":{"self":[{"href":"https:\/\/www.guidemonterosa.com\/fr\/wp-json\/wp\/v2\/pages\/3806","targetHints":{"allow":["GET"]}}],"collection":[{"href":"https:\/\/www.guidemonterosa.com\/fr\/wp-json\/wp\/v2\/pages"}],"about":[{"href":"https:\/\/www.guidemonterosa.com\/fr\/wp-json\/wp\/v2\/types\/page"}],"author":[{"embeddable":true,"href":"https:\/\/www.guidemonterosa.com\/fr\/wp-json\/wp\/v2\/users\/1"}],"replies":[{"embeddable":true,"href":"https:\/\/www.guidemonterosa.com\/fr\/wp-json\/wp\/v2\/comments?post=3806"}],"version-history":[{"count":8,"href":"https:\/\/www.guidemonterosa.com\/fr\/wp-json\/wp\/v2\/pages\/3806\/revisions"}],"predecessor-version":[{"id":8048,"href":"https:\/\/www.guidemonterosa.com\/fr\/wp-json\/wp\/v2\/pages\/3806\/revisions\/8048"}],"wp:attachment":[{"href":"https:\/\/www.guidemonterosa.com\/fr\/wp-json\/wp\/v2\/media?parent=3806"}],"curies":[{"name":"wp","href":"https:\/\/api.w.org\/{rel}","templated":true}]}}