{"id":7641,"date":"2023-03-20T13:59:59","date_gmt":"2023-03-20T12:59:59","guid":{"rendered":"https:\/\/p-ccmlv2.project.space\/?post_type=product&#038;p=7641"},"modified":"2025-08-20T12:21:49","modified_gmt":"2025-08-20T10:21:49","slug":"canyoning","status":"publish","type":"product","link":"https:\/\/www.guidemonterosa.com\/de\/reiseprogramme\/canyoning\/","title":{"rendered":"Canyoning"},"content":{"rendered":"<p>Bereits vor Jahrtausenden hat sich in den Alpen das Wasser und die Schmelze seinen Weg durch das Gestein und die Felsmassive gebahnt. Das Canyoning Aostatal bietet vielz\u00e4hlige M\u00f6glichkeiten f\u00fcr die Kombination aus Abseilen, Klettern, Rutschen, Springen, Schwimmen und Tauchen. Dieses Abenteuer wird Canyoning oder Schluchteln genannt. Der Adrenalin-Kick ist hier garantiert: Man besteigt die Schlucht an einem hohen Punkt um sich dann \u00fcber die genannten M\u00f6glichkeiten den Weg nach unten zu verschaffen. Enge Felspassagen, Kletterabschnitte mit Seil und Sicherung und auch tiefe Wasserstellen warten auf die Teilnehmer! Das Erlebnis wird von einem erfahrenen Guide geleitet und schlie\u00dft eine Unterweisung in die Sicherheitsma\u00dfnahmen f\u00fcr den Verlauf der Wegstrecke und den Umgang mit der ben\u00f6tigten Ausr\u00fcstung ein.<\/p>\n<p>Das Aostatal hat mit der Schlucht Chalamy (gelegen bei Champdepraz Mont AvicNatural Park) eine tolle Basis f\u00fcr die Aktivit\u00e4ten zu bieten. Der Berg bietet eine tolle Kombination aus Abseilstellen, Wasserrutschen und Pools. Auch Not- und Aufstiegsm\u00f6glichkeiten (z.B. nahe der Br\u00fccke) sind gegeben. Wir f\u00fchren hier zwei verschiedene Programme je nach Erfahrungslevel aus.<\/p>\n","protected":false},"excerpt":{"rendered":"<ul>\n<li>Das <strong>Classic-Programm<\/strong> hat mit mehreren nat\u00fcrlichen Wasserrutschen und kleineren Spr\u00fcnge in die Wasserstellen mit dem klaren Bergwasser jede Menge Abenteuer f\u00fcr Klein und Gro\u00df zu bieten. Wir folgen dem Canyon\/Fluss talw\u00e4rts mit vielen sch\u00f6nen Rutschen, Spr\u00fcngen und Abseilstellen ca. drei Stunden.<\/li>\n<li>Unsere <strong>Integrale Tour<\/strong> entlang des Canyon\/Flusses mit vielen sch\u00f6nen Rutschen, Spr\u00fcngen und Abseilstellen ist 1,5 Kilometer lang und wir ben\u00f6tigen ca. f\u00fcnf Stunden f\u00fcr die gesamte Tour. Wir kehren mit dem Shuttle zur\u00fcck an den Ausgangspunkt und beenden den Tag mit eine Mittagessen und einem k\u00fchlen Bier.<\/li>\n<\/ul>\n","protected":false},"featured_media":7642,"comment_status":"closed","ping_status":"closed","template":"","meta":{"_acf_changed":false},"product_brand":[],"product_cat":[402],"product_tag":[],"class_list":{"0":"post-7641","1":"product","2":"type-product","3":"status-publish","4":"has-post-thumbnail","6":"product_cat-aostatal","7":"pa_anzahl-personen-59","8":"pa_programmart-canyoning","9":"pa_reisetage-tag","11":"first","12":"instock","13":"shipping-taxable","14":"purchasable","15":"product-type-simple"},"acf":[],"yoast_head":"<!-- This site is optimized with the Yoast SEO plugin v27.2 - https:\/\/yoast.com\/product\/yoast-seo-wordpress\/ -->\n<title>Canyoning - Guidemonterosa SRL<\/title>\n<meta name=\"robots\" content=\"index, follow, max-snippet:-1, max-image-preview:large, max-video-preview:-1\" \/>\n<link rel=\"canonical\" href=\"https:\/\/www.guidemonterosa.com\/de\/reiseprogramme\/canyoning\/\" \/>\n<meta property=\"og:locale\" content=\"de_DE\" \/>\n<meta property=\"og:type\" content=\"article\" \/>\n<meta property=\"og:title\" content=\"Canyoning - Guidemonterosa SRL\" \/>\n<meta property=\"og:description\" content=\"Das Classic-Programm hat mit mehreren nat\u00fcrlichen Wasserrutschen und kleineren Spr\u00fcnge in die Wasserstellen mit dem klaren Bergwasser jede Menge Abenteuer f\u00fcr Klein und Gro\u00df zu bieten. Wir folgen dem Canyon\/Fluss talw\u00e4rts mit vielen sch\u00f6nen Rutschen, Spr\u00fcngen und Abseilstellen ca. drei Stunden.  Unsere Integrale Tour entlang des Canyon\/Flusses mit vielen sch\u00f6nen Rutschen, Spr\u00fcngen und Abseilstellen ist 1,5 Kilometer lang und wir ben\u00f6tigen ca. f\u00fcnf Stunden f\u00fcr die gesamte Tour. Wir kehren mit dem Shuttle zur\u00fcck an den Ausgangspunkt und beenden den Tag mit eine Mittagessen und einem k\u00fchlen Bier.\" \/>\n<meta property=\"og:url\" content=\"https:\/\/www.guidemonterosa.com\/de\/reiseprogramme\/canyoning\/\" \/>\n<meta property=\"og:site_name\" content=\"Guidemonterosa SRL\" \/>\n<meta property=\"article:modified_time\" content=\"2025-08-20T10:21:49+00:00\" \/>\n<meta property=\"og:image\" content=\"https:\/\/www.guidemonterosa.com\/wp-content\/uploads\/2023\/03\/GM-Canyoning-Dest-Slider.jpg\" \/>\n\t<meta property=\"og:image:width\" content=\"930\" \/>\n\t<meta property=\"og:image:height\" content=\"660\" \/>\n\t<meta property=\"og:image:type\" content=\"image\/jpeg\" \/>\n<meta name=\"twitter:card\" content=\"summary_large_image\" \/>\n<meta name=\"twitter:label1\" content=\"Gesch\u00e4tzte Lesezeit\" \/>\n\t<meta name=\"twitter:data1\" content=\"1\u00a0Minute\" \/>\n<script type=\"application\/ld+json\" class=\"yoast-schema-graph\">{\"@context\":\"https:\/\/schema.org\",\"@graph\":[{\"@type\":\"WebPage\",\"@id\":\"https:\/\/www.guidemonterosa.com\/de\/reiseprogramme\/canyoning\/\",\"url\":\"https:\/\/www.guidemonterosa.com\/de\/reiseprogramme\/canyoning\/\",\"name\":\"Canyoning - Guidemonterosa SRL\",\"isPartOf\":{\"@id\":\"https:\/\/p-ccmlv2.project.space\/it\/#website\"},\"primaryImageOfPage\":{\"@id\":\"https:\/\/www.guidemonterosa.com\/de\/reiseprogramme\/canyoning\/#primaryimage\"},\"image\":{\"@id\":\"https:\/\/www.guidemonterosa.com\/de\/reiseprogramme\/canyoning\/#primaryimage\"},\"thumbnailUrl\":\"https:\/\/www.guidemonterosa.com\/wp-content\/uploads\/2023\/03\/GM-Canyoning-Dest-Slider.jpg\",\"datePublished\":\"2023-03-20T12:59:59+00:00\",\"dateModified\":\"2025-08-20T10:21:49+00:00\",\"breadcrumb\":{\"@id\":\"https:\/\/www.guidemonterosa.com\/de\/reiseprogramme\/canyoning\/#breadcrumb\"},\"inLanguage\":\"de\",\"potentialAction\":[{\"@type\":\"ReadAction\",\"target\":[\"https:\/\/www.guidemonterosa.com\/de\/reiseprogramme\/canyoning\/\"]}]},{\"@type\":\"ImageObject\",\"inLanguage\":\"de\",\"@id\":\"https:\/\/www.guidemonterosa.com\/de\/reiseprogramme\/canyoning\/#primaryimage\",\"url\":\"https:\/\/www.guidemonterosa.com\/wp-content\/uploads\/2023\/03\/GM-Canyoning-Dest-Slider.jpg\",\"contentUrl\":\"https:\/\/www.guidemonterosa.com\/wp-content\/uploads\/2023\/03\/GM-Canyoning-Dest-Slider.jpg\",\"width\":930,\"height\":660,\"caption\":\"OLYMPUS DIGITAL CAMERA\"},{\"@type\":\"BreadcrumbList\",\"@id\":\"https:\/\/www.guidemonterosa.com\/de\/reiseprogramme\/canyoning\/#breadcrumb\",\"itemListElement\":[{\"@type\":\"ListItem\",\"position\":1,\"name\":\"Startseite\",\"item\":\"https:\/\/www.guidemonterosa.com\/de\/\"},{\"@type\":\"ListItem\",\"position\":2,\"name\":\"Reiseprogramme\",\"item\":\"https:\/\/www.guidemonterosa.com\/de\/reiseprogramme\/\"},{\"@type\":\"ListItem\",\"position\":3,\"name\":\"Canyoning\"}]},{\"@type\":\"WebSite\",\"@id\":\"https:\/\/p-ccmlv2.project.space\/it\/#website\",\"url\":\"https:\/\/p-ccmlv2.project.space\/it\/\",\"name\":\"Guidemonterosa SRL\",\"description\":\"Hochtouren, Klettern im Aostatal\",\"publisher\":{\"@id\":\"https:\/\/p-ccmlv2.project.space\/it\/#organization\"},\"potentialAction\":[{\"@type\":\"SearchAction\",\"target\":{\"@type\":\"EntryPoint\",\"urlTemplate\":\"https:\/\/p-ccmlv2.project.space\/it\/?s={search_term_string}\"},\"query-input\":{\"@type\":\"PropertyValueSpecification\",\"valueRequired\":true,\"valueName\":\"search_term_string\"}}],\"inLanguage\":\"de\"},{\"@type\":\"Organization\",\"@id\":\"https:\/\/p-ccmlv2.project.space\/it\/#organization\",\"name\":\"Heli Guides AG\",\"url\":\"https:\/\/p-ccmlv2.project.space\/it\/\",\"logo\":{\"@type\":\"ImageObject\",\"inLanguage\":\"de\",\"@id\":\"https:\/\/p-ccmlv2.project.space\/it\/#\/schema\/logo\/image\/\",\"url\":\"https:\/\/www.guidemonterosa.com\/wp-content\/uploads\/2021\/09\/HG_logo-HG-2020_logo-WEB_1.png\",\"contentUrl\":\"https:\/\/www.guidemonterosa.com\/wp-content\/uploads\/2021\/09\/HG_logo-HG-2020_logo-WEB_1.png\",\"width\":822,\"height\":290,\"caption\":\"Heli Guides AG\"},\"image\":{\"@id\":\"https:\/\/p-ccmlv2.project.space\/it\/#\/schema\/logo\/image\/\"}}]}<\/script>\n<!-- \/ Yoast SEO plugin. -->","yoast_head_json":{"title":"Canyoning - Guidemonterosa SRL","robots":{"index":"index","follow":"follow","max-snippet":"max-snippet:-1","max-image-preview":"max-image-preview:large","max-video-preview":"max-video-preview:-1"},"canonical":"https:\/\/www.guidemonterosa.com\/de\/reiseprogramme\/canyoning\/","og_locale":"de_DE","og_type":"article","og_title":"Canyoning - Guidemonterosa SRL","og_description":"Das Classic-Programm hat mit mehreren nat\u00fcrlichen Wasserrutschen und kleineren Spr\u00fcnge in die Wasserstellen mit dem klaren Bergwasser jede Menge Abenteuer f\u00fcr Klein und Gro\u00df zu bieten. Wir folgen dem Canyon\/Fluss talw\u00e4rts mit vielen sch\u00f6nen Rutschen, Spr\u00fcngen und Abseilstellen ca. drei Stunden.  Unsere Integrale Tour entlang des Canyon\/Flusses mit vielen sch\u00f6nen Rutschen, Spr\u00fcngen und Abseilstellen ist 1,5 Kilometer lang und wir ben\u00f6tigen ca. f\u00fcnf Stunden f\u00fcr die gesamte Tour. Wir kehren mit dem Shuttle zur\u00fcck an den Ausgangspunkt und beenden den Tag mit eine Mittagessen und einem k\u00fchlen Bier.","og_url":"https:\/\/www.guidemonterosa.com\/de\/reiseprogramme\/canyoning\/","og_site_name":"Guidemonterosa SRL","article_modified_time":"2025-08-20T10:21:49+00:00","og_image":[{"width":930,"height":660,"url":"https:\/\/www.guidemonterosa.com\/wp-content\/uploads\/2023\/03\/GM-Canyoning-Dest-Slider.jpg","type":"image\/jpeg"}],"twitter_card":"summary_large_image","twitter_misc":{"Gesch\u00e4tzte Lesezeit":"1\u00a0Minute"},"schema":{"@context":"https:\/\/schema.org","@graph":[{"@type":"WebPage","@id":"https:\/\/www.guidemonterosa.com\/de\/reiseprogramme\/canyoning\/","url":"https:\/\/www.guidemonterosa.com\/de\/reiseprogramme\/canyoning\/","name":"Canyoning - Guidemonterosa SRL","isPartOf":{"@id":"https:\/\/p-ccmlv2.project.space\/it\/#website"},"primaryImageOfPage":{"@id":"https:\/\/www.guidemonterosa.com\/de\/reiseprogramme\/canyoning\/#primaryimage"},"image":{"@id":"https:\/\/www.guidemonterosa.com\/de\/reiseprogramme\/canyoning\/#primaryimage"},"thumbnailUrl":"https:\/\/www.guidemonterosa.com\/wp-content\/uploads\/2023\/03\/GM-Canyoning-Dest-Slider.jpg","datePublished":"2023-03-20T12:59:59+00:00","dateModified":"2025-08-20T10:21:49+00:00","breadcrumb":{"@id":"https:\/\/www.guidemonterosa.com\/de\/reiseprogramme\/canyoning\/#breadcrumb"},"inLanguage":"de","potentialAction":[{"@type":"ReadAction","target":["https:\/\/www.guidemonterosa.com\/de\/reiseprogramme\/canyoning\/"]}]},{"@type":"ImageObject","inLanguage":"de","@id":"https:\/\/www.guidemonterosa.com\/de\/reiseprogramme\/canyoning\/#primaryimage","url":"https:\/\/www.guidemonterosa.com\/wp-content\/uploads\/2023\/03\/GM-Canyoning-Dest-Slider.jpg","contentUrl":"https:\/\/www.guidemonterosa.com\/wp-content\/uploads\/2023\/03\/GM-Canyoning-Dest-Slider.jpg","width":930,"height":660,"caption":"OLYMPUS DIGITAL CAMERA"},{"@type":"BreadcrumbList","@id":"https:\/\/www.guidemonterosa.com\/de\/reiseprogramme\/canyoning\/#breadcrumb","itemListElement":[{"@type":"ListItem","position":1,"name":"Startseite","item":"https:\/\/www.guidemonterosa.com\/de\/"},{"@type":"ListItem","position":2,"name":"Reiseprogramme","item":"https:\/\/www.guidemonterosa.com\/de\/reiseprogramme\/"},{"@type":"ListItem","position":3,"name":"Canyoning"}]},{"@type":"WebSite","@id":"https:\/\/p-ccmlv2.project.space\/it\/#website","url":"https:\/\/p-ccmlv2.project.space\/it\/","name":"Guidemonterosa SRL","description":"Hochtouren, Klettern im Aostatal","publisher":{"@id":"https:\/\/p-ccmlv2.project.space\/it\/#organization"},"potentialAction":[{"@type":"SearchAction","target":{"@type":"EntryPoint","urlTemplate":"https:\/\/p-ccmlv2.project.space\/it\/?s={search_term_string}"},"query-input":{"@type":"PropertyValueSpecification","valueRequired":true,"valueName":"search_term_string"}}],"inLanguage":"de"},{"@type":"Organization","@id":"https:\/\/p-ccmlv2.project.space\/it\/#organization","name":"Heli Guides AG","url":"https:\/\/p-ccmlv2.project.space\/it\/","logo":{"@type":"ImageObject","inLanguage":"de","@id":"https:\/\/p-ccmlv2.project.space\/it\/#\/schema\/logo\/image\/","url":"https:\/\/www.guidemonterosa.com\/wp-content\/uploads\/2021\/09\/HG_logo-HG-2020_logo-WEB_1.png","contentUrl":"https:\/\/www.guidemonterosa.com\/wp-content\/uploads\/2021\/09\/HG_logo-HG-2020_logo-WEB_1.png","width":822,"height":290,"caption":"Heli Guides AG"},"image":{"@id":"https:\/\/p-ccmlv2.project.space\/it\/#\/schema\/logo\/image\/"}}]}},"_links":{"self":[{"href":"https:\/\/www.guidemonterosa.com\/de\/wp-json\/wp\/v2\/product\/7641","targetHints":{"allow":["GET"]}}],"collection":[{"href":"https:\/\/www.guidemonterosa.com\/de\/wp-json\/wp\/v2\/product"}],"about":[{"href":"https:\/\/www.guidemonterosa.com\/de\/wp-json\/wp\/v2\/types\/product"}],"replies":[{"embeddable":true,"href":"https:\/\/www.guidemonterosa.com\/de\/wp-json\/wp\/v2\/comments?post=7641"}],"wp:featuredmedia":[{"embeddable":true,"href":"https:\/\/www.guidemonterosa.com\/de\/wp-json\/wp\/v2\/media\/7642"}],"wp:attachment":[{"href":"https:\/\/www.guidemonterosa.com\/de\/wp-json\/wp\/v2\/media?parent=7641"}],"wp:term":[{"taxonomy":"product_brand","embeddable":true,"href":"https:\/\/www.guidemonterosa.com\/de\/wp-json\/wp\/v2\/product_brand?post=7641"},{"taxonomy":"product_cat","embeddable":true,"href":"https:\/\/www.guidemonterosa.com\/de\/wp-json\/wp\/v2\/product_cat?post=7641"},{"taxonomy":"product_tag","embeddable":true,"href":"https:\/\/www.guidemonterosa.com\/de\/wp-json\/wp\/v2\/product_tag?post=7641"}],"curies":[{"name":"wp","href":"https:\/\/api.w.org\/{rel}","templated":true}]}}