{"id":6391,"date":"2023-03-08T16:17:52","date_gmt":"2023-03-08T15:17:52","guid":{"rendered":"https:\/\/p-ccmlv2.project.space\/?post_type=product&#038;p=6391"},"modified":"2025-10-20T11:44:01","modified_gmt":"2025-10-20T09:44:01","slug":"tour-silber-tour-spaghetti","status":"publish","type":"product","link":"https:\/\/www.guidemonterosa.com\/de\/reiseprogramme\/tour-silber-tour-spaghetti\/","title":{"rendered":"Tour Silber &#8222;Tour Spaghetti&#8220;"},"content":{"rendered":"<p><strong> Treffpunkt:<\/strong> Treffpunkt ist um 10:00 Uhr in Staffal oder nach Absprache mit Bergf\u00fchrer oder B\u00fcro.<br \/>\n<strong>Anforderungen:<\/strong> Steileres Gel\u00e4nde, Schneegrat und leichte Kletterstellen. Technische Vorkenntnisse im Bergsteigen (Umgang mit Steigeisen) sind empfehlenswert. Kondition f\u00fcr bis zu 5 Stunden Aufstieg und entsprechendem Abstieg sollte vorhanden sein.<br \/>\n<strong>Bekleidung:<\/strong> Wir empfehlen funktionelle Bergbekleidung die Feuchtigkeit gut transportiert\/ Mehrschichtenprinzip damit Sie auf die unterschiedlichen Wettereinfl\u00fcsse reagieren k\u00f6nnen.<br \/>\n<strong>Schuhe:<\/strong> Steigeisenfeste Bergschuhe.<br \/>\n<strong>Proviant:<\/strong> Snacks und Getr\u00e4nke f\u00fcr Ihre Tour.<br \/>\n<strong>Rucksack:<\/strong> Wir empfehlen ein Rucksack mit einem Volumen von max. 30-40L.<\/p>\n","protected":false},"excerpt":{"rendered":"<ul>\n<li><strong>1 Tag:<\/strong> Treffpunkt mit dem Bergf\u00fchrer in Staffal gegen 10:00 Uhr; nach der \u00dcberpr\u00fcfung des Materials, man nimmt die Seilbahn f\u00fcr Colle Bettaforca. Mit einem Off-Road-Taxi-Service erreichen Sie die Pl\u00e4ne von Verra sup. wo der Weg zur Guide di Ayas H\u00fctte beginnt. W\u00e4hrend der Fahrt k\u00f6nnen Sie an der Mezzalama- H\u00fctte Halt machen. Auf dem letzten Teil des Aufstiegs ist der Weg mit festen Seilen ausgestattet. \u00dcbernachtung in der Guide di Ayas-H\u00fctte.<\/li>\n<li><strong>Aufsteigen:<\/strong> 3:30 Stunden 1000m<\/li>\n<li><strong>2 Tag:<\/strong> Gegen 06:00 Uhr starten wir in Richtung des S\u00fcdwestgrates des Pollux \u00fcber den wir den Gipfel erreichen. \u00dcber den gleichen Grat werden wir wieder zur\u00fcck and Fu\u00df des Grates gelangen. Von hier aus queren wir zum Einstieg der Westflanke \u00fcber die wir den Gipfel des Castor erreichen. Der Abstieg f\u00fchrt uns \u00fcber das Colle di Felik auf die Rif. Quintio Sella auf der wir \u00fcbernachten werden.<\/li>\n<li><strong>Aufsteigen:<\/strong> 4:00-5:00 Stunden 1100m<\/li>\n<li><strong>Absteigen:<\/strong> 3:00 Stunden 900m<\/li>\n<li><strong>3 Tag:<\/strong> Start ist gegen 06:00 Uhr je nach Jahreszeit. Von der H\u00fctte aus queren wir den Lysgletscher unter der S\u00fcdflanke des Lyskamms bis wir die Flanke der Naso del Lys erreichen. Je nach Verh\u00e4ltnissen steigen wir \u00fcber die S\u00fcdflanke oder \u00fcber die Felsen auf die Naso del Lys unseren ersten Viertausender des Tages. \u00dcber eine steile Firnflanke erreichen wir dann den \u00f6stlichen Lys Gletscher den Richtung Lysjoch queren. Nach einer kurzen Pause geht es weiter in Richtung Colle Gnifetti. \u00dcber die Nordflanke erreichen wir die Signalkuppe und die Margherita H\u00fctte auf der wir \u00fcbernachten werden<\/li>\n<li><strong>Aufsteigen:<\/strong> 5:00-6:00 Stunden 1300m<\/li>\n<li><strong>Absteigen:<\/strong> 1:00 Stunden 310m<\/li>\n<li><strong>4 Tag:<\/strong> Start ist gegen 06:00 Uhr je nach Jahreszeit. Unser erster Gipfel des Tags ist die Zumsteinspitze mit herrlichen Ausblick in die Ostwand der Monte Rosa. Der Abstieg f\u00fcr uns je nach Fitnesszustand \u00fcber die Parrotspitze, Ludwigshohe, Corno Nero und Balmenhorn zur Rifugio Gnifetti und weiter zur Punta Indren.<\/li>\n<li><strong>Aufsteigen:<\/strong> 1:30 Stunden 350m<\/li>\n<li><strong>Absteigen:<\/strong> 4:00 Stunden 1600m<\/li>\n<\/ul>\n","protected":false},"featured_media":7625,"comment_status":"closed","ping_status":"closed","template":"","meta":{"_acf_changed":false},"product_brand":[],"product_cat":[399],"product_tag":[],"class_list":{"0":"post-6391","1":"product","2":"type-product","3":"status-publish","4":"has-post-thumbnail","6":"product_cat-monte-rosa","7":"pa_anzahl-personen-339","8":"pa_programmart-hochtouren","9":"pa_reisetage-mehrtaegig","11":"first","12":"instock","13":"shipping-taxable","14":"purchasable","15":"product-type-simple"},"acf":[],"yoast_head":"<!-- This site is optimized with the Yoast SEO plugin v27.2 - https:\/\/yoast.com\/product\/yoast-seo-wordpress\/ -->\n<title>Tour Silber &quot;Tour Spaghetti&quot; - Guidemonterosa SRL<\/title>\n<meta name=\"robots\" content=\"index, follow, max-snippet:-1, max-image-preview:large, max-video-preview:-1\" \/>\n<link rel=\"canonical\" href=\"https:\/\/www.guidemonterosa.com\/de\/reiseprogramme\/tour-silber-tour-spaghetti\/\" \/>\n<meta property=\"og:locale\" content=\"de_DE\" \/>\n<meta property=\"og:type\" content=\"article\" \/>\n<meta property=\"og:title\" content=\"Tour Silber &quot;Tour Spaghetti&quot; - Guidemonterosa SRL\" \/>\n<meta property=\"og:description\" content=\"1 Tag: Treffpunkt mit dem Bergf\u00fchrer in Staffal gegen 10:00 Uhr; nach der \u00dcberpr\u00fcfung des Materials, man nimmt die Seilbahn f\u00fcr Colle Bettaforca. Mit einem Off-Road-Taxi-Service erreichen Sie die Pl\u00e4ne von Verra sup. wo der Weg zur Guide di Ayas H\u00fctte beginnt. W\u00e4hrend der Fahrt k\u00f6nnen Sie an der Mezzalama- H\u00fctte Halt machen. Auf dem letzten Teil des Aufstiegs ist der Weg mit festen Seilen ausgestattet. \u00dcbernachtung in der Guide di Ayas-H\u00fctte.  Aufsteigen: 3:30 Stunden 1000m  2 Tag: Gegen 06:00 Uhr starten wir in Richtung des S\u00fcdwestgrates des Pollux \u00fcber den wir den Gipfel erreichen. \u00dcber den gleichen Grat werden wir wieder zur\u00fcck and Fu\u00df des Grates gelangen. Von hier aus queren wir zum Einstieg der Westflanke \u00fcber die wir den Gipfel des Castor erreichen. Der Abstieg f\u00fchrt uns \u00fcber das Colle di Felik auf die Rif. Quintio Sella auf der wir \u00fcbernachten werden.  Aufsteigen: 4:00-5:00 Stunden 1100m  Absteigen: 3:00 Stunden 900m  3 Tag: Start ist gegen 06:00 Uhr je nach Jahreszeit. Von der H\u00fctte aus queren wir den Lysgletscher unter der S\u00fcdflanke des Lyskamms bis wir die Flanke der Naso del Lys erreichen. Je nach Verh\u00e4ltnissen steigen wir \u00fcber die S\u00fcdflanke oder \u00fcber die Felsen auf die Naso del Lys unseren ersten Viertausender des Tages. \u00dcber eine steile Firnflanke erreichen wir dann den \u00f6stlichen Lys Gletscher den Richtung Lysjoch queren. Nach einer kurzen Pause geht es weiter in Richtung Colle Gnifetti. \u00dcber die Nordflanke erreichen wir die Signalkuppe und die Margherita H\u00fctte auf der wir \u00fcbernachten werden  Aufsteigen: 5:00-6:00 Stunden 1300m  Absteigen: 1:00 Stunden 310m  4 Tag: Start ist gegen 06:00 Uhr je nach Jahreszeit. Unser erster Gipfel des Tags ist die Zumsteinspitze mit herrlichen Ausblick in die Ostwand der Monte Rosa. Der Abstieg f\u00fcr uns je nach Fitnesszustand \u00fcber die Parrotspitze, Ludwigshohe, Corno Nero und Balmenhorn zur Rifugio Gnifetti und weiter zur Punta Indren.  Aufsteigen: 1:30 Stunden 350m  Absteigen: 4:00 Stunden 1600m\" \/>\n<meta property=\"og:url\" content=\"https:\/\/www.guidemonterosa.com\/de\/reiseprogramme\/tour-silber-tour-spaghetti\/\" \/>\n<meta property=\"og:site_name\" content=\"Guidemonterosa SRL\" \/>\n<meta property=\"article:modified_time\" content=\"2025-10-20T09:44:01+00:00\" \/>\n<meta property=\"og:image\" content=\"https:\/\/www.guidemonterosa.com\/wp-content\/uploads\/2023\/03\/Tour-Silver.jpg\" \/>\n\t<meta property=\"og:image:width\" content=\"930\" \/>\n\t<meta property=\"og:image:height\" content=\"660\" \/>\n\t<meta property=\"og:image:type\" content=\"image\/jpeg\" \/>\n<meta name=\"twitter:card\" content=\"summary_large_image\" \/>\n<meta name=\"twitter:label1\" content=\"Gesch\u00e4tzte Lesezeit\" \/>\n\t<meta name=\"twitter:data1\" content=\"1\u00a0Minute\" \/>\n<script type=\"application\/ld+json\" class=\"yoast-schema-graph\">{\"@context\":\"https:\/\/schema.org\",\"@graph\":[{\"@type\":\"WebPage\",\"@id\":\"https:\/\/www.guidemonterosa.com\/de\/reiseprogramme\/tour-silber-tour-spaghetti\/\",\"url\":\"https:\/\/www.guidemonterosa.com\/de\/reiseprogramme\/tour-silber-tour-spaghetti\/\",\"name\":\"Tour Silber \\\"Tour Spaghetti\\\" - Guidemonterosa SRL\",\"isPartOf\":{\"@id\":\"https:\/\/p-ccmlv2.project.space\/it\/#website\"},\"primaryImageOfPage\":{\"@id\":\"https:\/\/www.guidemonterosa.com\/de\/reiseprogramme\/tour-silber-tour-spaghetti\/#primaryimage\"},\"image\":{\"@id\":\"https:\/\/www.guidemonterosa.com\/de\/reiseprogramme\/tour-silber-tour-spaghetti\/#primaryimage\"},\"thumbnailUrl\":\"https:\/\/www.guidemonterosa.com\/wp-content\/uploads\/2023\/03\/Tour-Silver.jpg\",\"datePublished\":\"2023-03-08T15:17:52+00:00\",\"dateModified\":\"2025-10-20T09:44:01+00:00\",\"breadcrumb\":{\"@id\":\"https:\/\/www.guidemonterosa.com\/de\/reiseprogramme\/tour-silber-tour-spaghetti\/#breadcrumb\"},\"inLanguage\":\"de\",\"potentialAction\":[{\"@type\":\"ReadAction\",\"target\":[\"https:\/\/www.guidemonterosa.com\/de\/reiseprogramme\/tour-silber-tour-spaghetti\/\"]}]},{\"@type\":\"ImageObject\",\"inLanguage\":\"de\",\"@id\":\"https:\/\/www.guidemonterosa.com\/de\/reiseprogramme\/tour-silber-tour-spaghetti\/#primaryimage\",\"url\":\"https:\/\/www.guidemonterosa.com\/wp-content\/uploads\/2023\/03\/Tour-Silver.jpg\",\"contentUrl\":\"https:\/\/www.guidemonterosa.com\/wp-content\/uploads\/2023\/03\/Tour-Silver.jpg\",\"width\":930,\"height\":660},{\"@type\":\"BreadcrumbList\",\"@id\":\"https:\/\/www.guidemonterosa.com\/de\/reiseprogramme\/tour-silber-tour-spaghetti\/#breadcrumb\",\"itemListElement\":[{\"@type\":\"ListItem\",\"position\":1,\"name\":\"Startseite\",\"item\":\"https:\/\/www.guidemonterosa.com\/de\/\"},{\"@type\":\"ListItem\",\"position\":2,\"name\":\"Reiseprogramme\",\"item\":\"https:\/\/www.guidemonterosa.com\/de\/reiseprogramme\/\"},{\"@type\":\"ListItem\",\"position\":3,\"name\":\"Tour Silber &#8220;Tour Spaghetti&#8221;\"}]},{\"@type\":\"WebSite\",\"@id\":\"https:\/\/p-ccmlv2.project.space\/it\/#website\",\"url\":\"https:\/\/p-ccmlv2.project.space\/it\/\",\"name\":\"Guidemonterosa SRL\",\"description\":\"Hochtouren, Klettern im Aostatal\",\"publisher\":{\"@id\":\"https:\/\/p-ccmlv2.project.space\/it\/#organization\"},\"potentialAction\":[{\"@type\":\"SearchAction\",\"target\":{\"@type\":\"EntryPoint\",\"urlTemplate\":\"https:\/\/p-ccmlv2.project.space\/it\/?s={search_term_string}\"},\"query-input\":{\"@type\":\"PropertyValueSpecification\",\"valueRequired\":true,\"valueName\":\"search_term_string\"}}],\"inLanguage\":\"de\"},{\"@type\":\"Organization\",\"@id\":\"https:\/\/p-ccmlv2.project.space\/it\/#organization\",\"name\":\"Heli Guides AG\",\"url\":\"https:\/\/p-ccmlv2.project.space\/it\/\",\"logo\":{\"@type\":\"ImageObject\",\"inLanguage\":\"de\",\"@id\":\"https:\/\/p-ccmlv2.project.space\/it\/#\/schema\/logo\/image\/\",\"url\":\"https:\/\/www.guidemonterosa.com\/wp-content\/uploads\/2021\/09\/HG_logo-HG-2020_logo-WEB_1.png\",\"contentUrl\":\"https:\/\/www.guidemonterosa.com\/wp-content\/uploads\/2021\/09\/HG_logo-HG-2020_logo-WEB_1.png\",\"width\":822,\"height\":290,\"caption\":\"Heli Guides AG\"},\"image\":{\"@id\":\"https:\/\/p-ccmlv2.project.space\/it\/#\/schema\/logo\/image\/\"}}]}<\/script>\n<!-- \/ Yoast SEO plugin. -->","yoast_head_json":{"title":"Tour Silber \"Tour Spaghetti\" - Guidemonterosa SRL","robots":{"index":"index","follow":"follow","max-snippet":"max-snippet:-1","max-image-preview":"max-image-preview:large","max-video-preview":"max-video-preview:-1"},"canonical":"https:\/\/www.guidemonterosa.com\/de\/reiseprogramme\/tour-silber-tour-spaghetti\/","og_locale":"de_DE","og_type":"article","og_title":"Tour Silber \"Tour Spaghetti\" - Guidemonterosa SRL","og_description":"1 Tag: Treffpunkt mit dem Bergf\u00fchrer in Staffal gegen 10:00 Uhr; nach der \u00dcberpr\u00fcfung des Materials, man nimmt die Seilbahn f\u00fcr Colle Bettaforca. Mit einem Off-Road-Taxi-Service erreichen Sie die Pl\u00e4ne von Verra sup. wo der Weg zur Guide di Ayas H\u00fctte beginnt. W\u00e4hrend der Fahrt k\u00f6nnen Sie an der Mezzalama- H\u00fctte Halt machen. Auf dem letzten Teil des Aufstiegs ist der Weg mit festen Seilen ausgestattet. \u00dcbernachtung in der Guide di Ayas-H\u00fctte.  Aufsteigen: 3:30 Stunden 1000m  2 Tag: Gegen 06:00 Uhr starten wir in Richtung des S\u00fcdwestgrates des Pollux \u00fcber den wir den Gipfel erreichen. \u00dcber den gleichen Grat werden wir wieder zur\u00fcck and Fu\u00df des Grates gelangen. Von hier aus queren wir zum Einstieg der Westflanke \u00fcber die wir den Gipfel des Castor erreichen. Der Abstieg f\u00fchrt uns \u00fcber das Colle di Felik auf die Rif. Quintio Sella auf der wir \u00fcbernachten werden.  Aufsteigen: 4:00-5:00 Stunden 1100m  Absteigen: 3:00 Stunden 900m  3 Tag: Start ist gegen 06:00 Uhr je nach Jahreszeit. Von der H\u00fctte aus queren wir den Lysgletscher unter der S\u00fcdflanke des Lyskamms bis wir die Flanke der Naso del Lys erreichen. Je nach Verh\u00e4ltnissen steigen wir \u00fcber die S\u00fcdflanke oder \u00fcber die Felsen auf die Naso del Lys unseren ersten Viertausender des Tages. \u00dcber eine steile Firnflanke erreichen wir dann den \u00f6stlichen Lys Gletscher den Richtung Lysjoch queren. Nach einer kurzen Pause geht es weiter in Richtung Colle Gnifetti. \u00dcber die Nordflanke erreichen wir die Signalkuppe und die Margherita H\u00fctte auf der wir \u00fcbernachten werden  Aufsteigen: 5:00-6:00 Stunden 1300m  Absteigen: 1:00 Stunden 310m  4 Tag: Start ist gegen 06:00 Uhr je nach Jahreszeit. Unser erster Gipfel des Tags ist die Zumsteinspitze mit herrlichen Ausblick in die Ostwand der Monte Rosa. Der Abstieg f\u00fcr uns je nach Fitnesszustand \u00fcber die Parrotspitze, Ludwigshohe, Corno Nero und Balmenhorn zur Rifugio Gnifetti und weiter zur Punta Indren.  Aufsteigen: 1:30 Stunden 350m  Absteigen: 4:00 Stunden 1600m","og_url":"https:\/\/www.guidemonterosa.com\/de\/reiseprogramme\/tour-silber-tour-spaghetti\/","og_site_name":"Guidemonterosa SRL","article_modified_time":"2025-10-20T09:44:01+00:00","og_image":[{"width":930,"height":660,"url":"https:\/\/www.guidemonterosa.com\/wp-content\/uploads\/2023\/03\/Tour-Silver.jpg","type":"image\/jpeg"}],"twitter_card":"summary_large_image","twitter_misc":{"Gesch\u00e4tzte Lesezeit":"1\u00a0Minute"},"schema":{"@context":"https:\/\/schema.org","@graph":[{"@type":"WebPage","@id":"https:\/\/www.guidemonterosa.com\/de\/reiseprogramme\/tour-silber-tour-spaghetti\/","url":"https:\/\/www.guidemonterosa.com\/de\/reiseprogramme\/tour-silber-tour-spaghetti\/","name":"Tour Silber \"Tour Spaghetti\" - Guidemonterosa SRL","isPartOf":{"@id":"https:\/\/p-ccmlv2.project.space\/it\/#website"},"primaryImageOfPage":{"@id":"https:\/\/www.guidemonterosa.com\/de\/reiseprogramme\/tour-silber-tour-spaghetti\/#primaryimage"},"image":{"@id":"https:\/\/www.guidemonterosa.com\/de\/reiseprogramme\/tour-silber-tour-spaghetti\/#primaryimage"},"thumbnailUrl":"https:\/\/www.guidemonterosa.com\/wp-content\/uploads\/2023\/03\/Tour-Silver.jpg","datePublished":"2023-03-08T15:17:52+00:00","dateModified":"2025-10-20T09:44:01+00:00","breadcrumb":{"@id":"https:\/\/www.guidemonterosa.com\/de\/reiseprogramme\/tour-silber-tour-spaghetti\/#breadcrumb"},"inLanguage":"de","potentialAction":[{"@type":"ReadAction","target":["https:\/\/www.guidemonterosa.com\/de\/reiseprogramme\/tour-silber-tour-spaghetti\/"]}]},{"@type":"ImageObject","inLanguage":"de","@id":"https:\/\/www.guidemonterosa.com\/de\/reiseprogramme\/tour-silber-tour-spaghetti\/#primaryimage","url":"https:\/\/www.guidemonterosa.com\/wp-content\/uploads\/2023\/03\/Tour-Silver.jpg","contentUrl":"https:\/\/www.guidemonterosa.com\/wp-content\/uploads\/2023\/03\/Tour-Silver.jpg","width":930,"height":660},{"@type":"BreadcrumbList","@id":"https:\/\/www.guidemonterosa.com\/de\/reiseprogramme\/tour-silber-tour-spaghetti\/#breadcrumb","itemListElement":[{"@type":"ListItem","position":1,"name":"Startseite","item":"https:\/\/www.guidemonterosa.com\/de\/"},{"@type":"ListItem","position":2,"name":"Reiseprogramme","item":"https:\/\/www.guidemonterosa.com\/de\/reiseprogramme\/"},{"@type":"ListItem","position":3,"name":"Tour Silber &#8220;Tour Spaghetti&#8221;"}]},{"@type":"WebSite","@id":"https:\/\/p-ccmlv2.project.space\/it\/#website","url":"https:\/\/p-ccmlv2.project.space\/it\/","name":"Guidemonterosa SRL","description":"Hochtouren, Klettern im Aostatal","publisher":{"@id":"https:\/\/p-ccmlv2.project.space\/it\/#organization"},"potentialAction":[{"@type":"SearchAction","target":{"@type":"EntryPoint","urlTemplate":"https:\/\/p-ccmlv2.project.space\/it\/?s={search_term_string}"},"query-input":{"@type":"PropertyValueSpecification","valueRequired":true,"valueName":"search_term_string"}}],"inLanguage":"de"},{"@type":"Organization","@id":"https:\/\/p-ccmlv2.project.space\/it\/#organization","name":"Heli Guides AG","url":"https:\/\/p-ccmlv2.project.space\/it\/","logo":{"@type":"ImageObject","inLanguage":"de","@id":"https:\/\/p-ccmlv2.project.space\/it\/#\/schema\/logo\/image\/","url":"https:\/\/www.guidemonterosa.com\/wp-content\/uploads\/2021\/09\/HG_logo-HG-2020_logo-WEB_1.png","contentUrl":"https:\/\/www.guidemonterosa.com\/wp-content\/uploads\/2021\/09\/HG_logo-HG-2020_logo-WEB_1.png","width":822,"height":290,"caption":"Heli Guides AG"},"image":{"@id":"https:\/\/p-ccmlv2.project.space\/it\/#\/schema\/logo\/image\/"}}]}},"_links":{"self":[{"href":"https:\/\/www.guidemonterosa.com\/de\/wp-json\/wp\/v2\/product\/6391","targetHints":{"allow":["GET"]}}],"collection":[{"href":"https:\/\/www.guidemonterosa.com\/de\/wp-json\/wp\/v2\/product"}],"about":[{"href":"https:\/\/www.guidemonterosa.com\/de\/wp-json\/wp\/v2\/types\/product"}],"replies":[{"embeddable":true,"href":"https:\/\/www.guidemonterosa.com\/de\/wp-json\/wp\/v2\/comments?post=6391"}],"wp:featuredmedia":[{"embeddable":true,"href":"https:\/\/www.guidemonterosa.com\/de\/wp-json\/wp\/v2\/media\/7625"}],"wp:attachment":[{"href":"https:\/\/www.guidemonterosa.com\/de\/wp-json\/wp\/v2\/media?parent=6391"}],"wp:term":[{"taxonomy":"product_brand","embeddable":true,"href":"https:\/\/www.guidemonterosa.com\/de\/wp-json\/wp\/v2\/product_brand?post=6391"},{"taxonomy":"product_cat","embeddable":true,"href":"https:\/\/www.guidemonterosa.com\/de\/wp-json\/wp\/v2\/product_cat?post=6391"},{"taxonomy":"product_tag","embeddable":true,"href":"https:\/\/www.guidemonterosa.com\/de\/wp-json\/wp\/v2\/product_tag?post=6391"}],"curies":[{"name":"wp","href":"https:\/\/api.w.org\/{rel}","templated":true}]}}