{"id":6304,"date":"2023-03-06T19:46:04","date_gmt":"2023-03-06T18:46:04","guid":{"rendered":"https:\/\/p-ccmlv2.project.space\/?post_type=product&#038;p=6304"},"modified":"2025-09-26T11:29:46","modified_gmt":"2025-09-26T09:29:46","slug":"lyskamm-ueberschreitung","status":"publish","type":"product","link":"https:\/\/www.guidemonterosa.com\/de\/reiseprogramme\/lyskamm-ueberschreitung\/","title":{"rendered":"Lyskamm \u00dcberschreitung"},"content":{"rendered":"<p><strong>Treffpunkt:<\/strong> Treffpunkt ist um 14:00 Uhr in Staffal oder nach Absprache mit Bergf\u00fchrer oder B\u00fcro.<br \/>\n<strong>Anforderungen: <\/strong>Steiles Gel\u00e4nde, ausgesetzter Schneegrat mit leichter Kletterei.<br \/>\n<strong>Bekleidung:<\/strong> Wir empfehlen funktionelle Bergbekleidung die Feuchtigkeit gut transportiert\/ Mehrschichtenprinzip damit Sie auf die unterschiedlichen Wettereinfl\u00fcsse reagieren k\u00f6nnen.<br \/>\n<strong>Schuhe:<\/strong> Steigeisenfeste Bergschuhe.<br \/>\n<strong>Proviant:<\/strong> Snacks und Getr\u00e4nke f\u00fcr Ihre Tour.<br \/>\n<strong>Rucksack:<\/strong> Wir empfehlen ein Rucksack mit einem Volumen von max. 30-40L.<\/p>\n","protected":false},"excerpt":{"rendered":"<ul>\n<li><strong>1 Tag:<\/strong> Treffpunkt in Staffal um 14:00 Uhr. \u2013 Material Check. Mit den Liften erreichen wir den Colle Bettaforca von wo aus wir \u00fcber den sch\u00f6nen Zustieg auf dei Quintino Sella H\u00fctte aufsteigen. Wir \u00fcbernachten in der Quintino Sella H\u00fctte.<\/li>\n<li><strong>Aufsteigen:<\/strong> 3:30 Stunden &#8211; 850m<\/li>\n<li><strong>2 Tag:<\/strong> Start um ca. um 5:00 Uhr je nach Jahreszeit. \u00dcber den Felikgletscher erreichen wir das Felikjoch. Von wo aus auch die Traversierung startet. \u00dcber den Westgipfel erreichen wir den Ostgipfel immer auf Messerschneide. Vom Ostgipfel steigen wir auf das Lysjoch ab und erreichen anschlie\u00dfend die Gnifettih\u00fctte.<\/li>\n<li><strong>Aufsteigen:<\/strong> 6:00 Stunden 1000m<\/li>\n<li><strong>Absteigen:<\/strong> 4:00 Stunden 1200m<\/li>\n<\/ul>\n","protected":false},"featured_media":7637,"comment_status":"closed","ping_status":"closed","template":"","meta":{"_acf_changed":false},"product_brand":[],"product_cat":[399],"product_tag":[],"class_list":{"0":"post-6304","1":"product","2":"type-product","3":"status-publish","4":"has-post-thumbnail","6":"product_cat-monte-rosa","7":"pa_anzahl-personen-1-2","8":"pa_programmart-hochtouren","9":"pa_reisetage-tage","11":"first","12":"instock","13":"shipping-taxable","14":"purchasable","15":"product-type-simple"},"acf":[],"yoast_head":"<!-- This site is optimized with the Yoast SEO plugin v27.2 - https:\/\/yoast.com\/product\/yoast-seo-wordpress\/ -->\n<title>Lyskamm \u00dcberschreitung - Guidemonterosa SRL<\/title>\n<meta name=\"robots\" content=\"index, follow, max-snippet:-1, max-image-preview:large, max-video-preview:-1\" \/>\n<link rel=\"canonical\" href=\"https:\/\/www.guidemonterosa.com\/de\/reiseprogramme\/lyskamm-ueberschreitung\/\" \/>\n<meta property=\"og:locale\" content=\"de_DE\" \/>\n<meta property=\"og:type\" content=\"article\" \/>\n<meta property=\"og:title\" content=\"Lyskamm \u00dcberschreitung - Guidemonterosa SRL\" \/>\n<meta property=\"og:description\" content=\"1 Tag: Treffpunkt in Staffal um 14:00 Uhr. \u2013 Material Check. Mit den Liften erreichen wir den Colle Bettaforca von wo aus wir \u00fcber den sch\u00f6nen Zustieg auf dei Quintino Sella H\u00fctte aufsteigen. Wir \u00fcbernachten in der Quintino Sella H\u00fctte.  Aufsteigen: 3:30 Stunden - 850m  2 Tag: Start um ca. um 5:00 Uhr je nach Jahreszeit. \u00dcber den Felikgletscher erreichen wir das Felikjoch. Von wo aus auch die Traversierung startet. \u00dcber den Westgipfel erreichen wir den Ostgipfel immer auf Messerschneide. Vom Ostgipfel steigen wir auf das Lysjoch ab und erreichen anschlie\u00dfend die Gnifettih\u00fctte.  Aufsteigen: 6:00 Stunden 1000m  Absteigen: 4:00 Stunden 1200m\" \/>\n<meta property=\"og:url\" content=\"https:\/\/www.guidemonterosa.com\/de\/reiseprogramme\/lyskamm-ueberschreitung\/\" \/>\n<meta property=\"og:site_name\" content=\"Guidemonterosa SRL\" \/>\n<meta property=\"article:modified_time\" content=\"2025-09-26T09:29:46+00:00\" \/>\n<meta property=\"og:image\" content=\"https:\/\/www.guidemonterosa.com\/wp-content\/uploads\/2023\/03\/Lyskamm-traverse.jpg\" \/>\n\t<meta property=\"og:image:width\" content=\"930\" \/>\n\t<meta property=\"og:image:height\" content=\"660\" \/>\n\t<meta property=\"og:image:type\" content=\"image\/jpeg\" \/>\n<meta name=\"twitter:card\" content=\"summary_large_image\" \/>\n<meta name=\"twitter:label1\" content=\"Gesch\u00e4tzte Lesezeit\" \/>\n\t<meta name=\"twitter:data1\" content=\"1\u00a0Minute\" \/>\n<script type=\"application\/ld+json\" class=\"yoast-schema-graph\">{\"@context\":\"https:\/\/schema.org\",\"@graph\":[{\"@type\":\"WebPage\",\"@id\":\"https:\/\/www.guidemonterosa.com\/de\/reiseprogramme\/lyskamm-ueberschreitung\/\",\"url\":\"https:\/\/www.guidemonterosa.com\/de\/reiseprogramme\/lyskamm-ueberschreitung\/\",\"name\":\"Lyskamm \u00dcberschreitung - Guidemonterosa SRL\",\"isPartOf\":{\"@id\":\"https:\/\/p-ccmlv2.project.space\/it\/#website\"},\"primaryImageOfPage\":{\"@id\":\"https:\/\/www.guidemonterosa.com\/de\/reiseprogramme\/lyskamm-ueberschreitung\/#primaryimage\"},\"image\":{\"@id\":\"https:\/\/www.guidemonterosa.com\/de\/reiseprogramme\/lyskamm-ueberschreitung\/#primaryimage\"},\"thumbnailUrl\":\"https:\/\/www.guidemonterosa.com\/wp-content\/uploads\/2023\/03\/Lyskamm-traverse.jpg\",\"datePublished\":\"2023-03-06T18:46:04+00:00\",\"dateModified\":\"2025-09-26T09:29:46+00:00\",\"breadcrumb\":{\"@id\":\"https:\/\/www.guidemonterosa.com\/de\/reiseprogramme\/lyskamm-ueberschreitung\/#breadcrumb\"},\"inLanguage\":\"de\",\"potentialAction\":[{\"@type\":\"ReadAction\",\"target\":[\"https:\/\/www.guidemonterosa.com\/de\/reiseprogramme\/lyskamm-ueberschreitung\/\"]}]},{\"@type\":\"ImageObject\",\"inLanguage\":\"de\",\"@id\":\"https:\/\/www.guidemonterosa.com\/de\/reiseprogramme\/lyskamm-ueberschreitung\/#primaryimage\",\"url\":\"https:\/\/www.guidemonterosa.com\/wp-content\/uploads\/2023\/03\/Lyskamm-traverse.jpg\",\"contentUrl\":\"https:\/\/www.guidemonterosa.com\/wp-content\/uploads\/2023\/03\/Lyskamm-traverse.jpg\",\"width\":930,\"height\":660},{\"@type\":\"BreadcrumbList\",\"@id\":\"https:\/\/www.guidemonterosa.com\/de\/reiseprogramme\/lyskamm-ueberschreitung\/#breadcrumb\",\"itemListElement\":[{\"@type\":\"ListItem\",\"position\":1,\"name\":\"Startseite\",\"item\":\"https:\/\/www.guidemonterosa.com\/de\/\"},{\"@type\":\"ListItem\",\"position\":2,\"name\":\"Reiseprogramme\",\"item\":\"https:\/\/www.guidemonterosa.com\/de\/reiseprogramme\/\"},{\"@type\":\"ListItem\",\"position\":3,\"name\":\"Lyskamm \u00dcberschreitung\"}]},{\"@type\":\"WebSite\",\"@id\":\"https:\/\/p-ccmlv2.project.space\/it\/#website\",\"url\":\"https:\/\/p-ccmlv2.project.space\/it\/\",\"name\":\"Guidemonterosa SRL\",\"description\":\"Hochtouren, Klettern im Aostatal\",\"publisher\":{\"@id\":\"https:\/\/p-ccmlv2.project.space\/it\/#organization\"},\"potentialAction\":[{\"@type\":\"SearchAction\",\"target\":{\"@type\":\"EntryPoint\",\"urlTemplate\":\"https:\/\/p-ccmlv2.project.space\/it\/?s={search_term_string}\"},\"query-input\":{\"@type\":\"PropertyValueSpecification\",\"valueRequired\":true,\"valueName\":\"search_term_string\"}}],\"inLanguage\":\"de\"},{\"@type\":\"Organization\",\"@id\":\"https:\/\/p-ccmlv2.project.space\/it\/#organization\",\"name\":\"Heli Guides AG\",\"url\":\"https:\/\/p-ccmlv2.project.space\/it\/\",\"logo\":{\"@type\":\"ImageObject\",\"inLanguage\":\"de\",\"@id\":\"https:\/\/p-ccmlv2.project.space\/it\/#\/schema\/logo\/image\/\",\"url\":\"https:\/\/www.guidemonterosa.com\/wp-content\/uploads\/2021\/09\/HG_logo-HG-2020_logo-WEB_1.png\",\"contentUrl\":\"https:\/\/www.guidemonterosa.com\/wp-content\/uploads\/2021\/09\/HG_logo-HG-2020_logo-WEB_1.png\",\"width\":822,\"height\":290,\"caption\":\"Heli Guides AG\"},\"image\":{\"@id\":\"https:\/\/p-ccmlv2.project.space\/it\/#\/schema\/logo\/image\/\"}}]}<\/script>\n<!-- \/ Yoast SEO plugin. -->","yoast_head_json":{"title":"Lyskamm \u00dcberschreitung - Guidemonterosa SRL","robots":{"index":"index","follow":"follow","max-snippet":"max-snippet:-1","max-image-preview":"max-image-preview:large","max-video-preview":"max-video-preview:-1"},"canonical":"https:\/\/www.guidemonterosa.com\/de\/reiseprogramme\/lyskamm-ueberschreitung\/","og_locale":"de_DE","og_type":"article","og_title":"Lyskamm \u00dcberschreitung - Guidemonterosa SRL","og_description":"1 Tag: Treffpunkt in Staffal um 14:00 Uhr. \u2013 Material Check. Mit den Liften erreichen wir den Colle Bettaforca von wo aus wir \u00fcber den sch\u00f6nen Zustieg auf dei Quintino Sella H\u00fctte aufsteigen. Wir \u00fcbernachten in der Quintino Sella H\u00fctte.  Aufsteigen: 3:30 Stunden - 850m  2 Tag: Start um ca. um 5:00 Uhr je nach Jahreszeit. \u00dcber den Felikgletscher erreichen wir das Felikjoch. Von wo aus auch die Traversierung startet. \u00dcber den Westgipfel erreichen wir den Ostgipfel immer auf Messerschneide. Vom Ostgipfel steigen wir auf das Lysjoch ab und erreichen anschlie\u00dfend die Gnifettih\u00fctte.  Aufsteigen: 6:00 Stunden 1000m  Absteigen: 4:00 Stunden 1200m","og_url":"https:\/\/www.guidemonterosa.com\/de\/reiseprogramme\/lyskamm-ueberschreitung\/","og_site_name":"Guidemonterosa SRL","article_modified_time":"2025-09-26T09:29:46+00:00","og_image":[{"width":930,"height":660,"url":"https:\/\/www.guidemonterosa.com\/wp-content\/uploads\/2023\/03\/Lyskamm-traverse.jpg","type":"image\/jpeg"}],"twitter_card":"summary_large_image","twitter_misc":{"Gesch\u00e4tzte Lesezeit":"1\u00a0Minute"},"schema":{"@context":"https:\/\/schema.org","@graph":[{"@type":"WebPage","@id":"https:\/\/www.guidemonterosa.com\/de\/reiseprogramme\/lyskamm-ueberschreitung\/","url":"https:\/\/www.guidemonterosa.com\/de\/reiseprogramme\/lyskamm-ueberschreitung\/","name":"Lyskamm \u00dcberschreitung - Guidemonterosa SRL","isPartOf":{"@id":"https:\/\/p-ccmlv2.project.space\/it\/#website"},"primaryImageOfPage":{"@id":"https:\/\/www.guidemonterosa.com\/de\/reiseprogramme\/lyskamm-ueberschreitung\/#primaryimage"},"image":{"@id":"https:\/\/www.guidemonterosa.com\/de\/reiseprogramme\/lyskamm-ueberschreitung\/#primaryimage"},"thumbnailUrl":"https:\/\/www.guidemonterosa.com\/wp-content\/uploads\/2023\/03\/Lyskamm-traverse.jpg","datePublished":"2023-03-06T18:46:04+00:00","dateModified":"2025-09-26T09:29:46+00:00","breadcrumb":{"@id":"https:\/\/www.guidemonterosa.com\/de\/reiseprogramme\/lyskamm-ueberschreitung\/#breadcrumb"},"inLanguage":"de","potentialAction":[{"@type":"ReadAction","target":["https:\/\/www.guidemonterosa.com\/de\/reiseprogramme\/lyskamm-ueberschreitung\/"]}]},{"@type":"ImageObject","inLanguage":"de","@id":"https:\/\/www.guidemonterosa.com\/de\/reiseprogramme\/lyskamm-ueberschreitung\/#primaryimage","url":"https:\/\/www.guidemonterosa.com\/wp-content\/uploads\/2023\/03\/Lyskamm-traverse.jpg","contentUrl":"https:\/\/www.guidemonterosa.com\/wp-content\/uploads\/2023\/03\/Lyskamm-traverse.jpg","width":930,"height":660},{"@type":"BreadcrumbList","@id":"https:\/\/www.guidemonterosa.com\/de\/reiseprogramme\/lyskamm-ueberschreitung\/#breadcrumb","itemListElement":[{"@type":"ListItem","position":1,"name":"Startseite","item":"https:\/\/www.guidemonterosa.com\/de\/"},{"@type":"ListItem","position":2,"name":"Reiseprogramme","item":"https:\/\/www.guidemonterosa.com\/de\/reiseprogramme\/"},{"@type":"ListItem","position":3,"name":"Lyskamm \u00dcberschreitung"}]},{"@type":"WebSite","@id":"https:\/\/p-ccmlv2.project.space\/it\/#website","url":"https:\/\/p-ccmlv2.project.space\/it\/","name":"Guidemonterosa SRL","description":"Hochtouren, Klettern im Aostatal","publisher":{"@id":"https:\/\/p-ccmlv2.project.space\/it\/#organization"},"potentialAction":[{"@type":"SearchAction","target":{"@type":"EntryPoint","urlTemplate":"https:\/\/p-ccmlv2.project.space\/it\/?s={search_term_string}"},"query-input":{"@type":"PropertyValueSpecification","valueRequired":true,"valueName":"search_term_string"}}],"inLanguage":"de"},{"@type":"Organization","@id":"https:\/\/p-ccmlv2.project.space\/it\/#organization","name":"Heli Guides AG","url":"https:\/\/p-ccmlv2.project.space\/it\/","logo":{"@type":"ImageObject","inLanguage":"de","@id":"https:\/\/p-ccmlv2.project.space\/it\/#\/schema\/logo\/image\/","url":"https:\/\/www.guidemonterosa.com\/wp-content\/uploads\/2021\/09\/HG_logo-HG-2020_logo-WEB_1.png","contentUrl":"https:\/\/www.guidemonterosa.com\/wp-content\/uploads\/2021\/09\/HG_logo-HG-2020_logo-WEB_1.png","width":822,"height":290,"caption":"Heli Guides AG"},"image":{"@id":"https:\/\/p-ccmlv2.project.space\/it\/#\/schema\/logo\/image\/"}}]}},"_links":{"self":[{"href":"https:\/\/www.guidemonterosa.com\/de\/wp-json\/wp\/v2\/product\/6304","targetHints":{"allow":["GET"]}}],"collection":[{"href":"https:\/\/www.guidemonterosa.com\/de\/wp-json\/wp\/v2\/product"}],"about":[{"href":"https:\/\/www.guidemonterosa.com\/de\/wp-json\/wp\/v2\/types\/product"}],"replies":[{"embeddable":true,"href":"https:\/\/www.guidemonterosa.com\/de\/wp-json\/wp\/v2\/comments?post=6304"}],"wp:featuredmedia":[{"embeddable":true,"href":"https:\/\/www.guidemonterosa.com\/de\/wp-json\/wp\/v2\/media\/7637"}],"wp:attachment":[{"href":"https:\/\/www.guidemonterosa.com\/de\/wp-json\/wp\/v2\/media?parent=6304"}],"wp:term":[{"taxonomy":"product_brand","embeddable":true,"href":"https:\/\/www.guidemonterosa.com\/de\/wp-json\/wp\/v2\/product_brand?post=6304"},{"taxonomy":"product_cat","embeddable":true,"href":"https:\/\/www.guidemonterosa.com\/de\/wp-json\/wp\/v2\/product_cat?post=6304"},{"taxonomy":"product_tag","embeddable":true,"href":"https:\/\/www.guidemonterosa.com\/de\/wp-json\/wp\/v2\/product_tag?post=6304"}],"curies":[{"name":"wp","href":"https:\/\/api.w.org\/{rel}","templated":true}]}}